{"id":15380,"date":"2017-06-29T10:20:53","date_gmt":"2017-06-29T08:20:53","guid":{"rendered":"http:\/\/www.eduweb.es\/?page_id=15380"},"modified":"2017-06-29T10:20:53","modified_gmt":"2017-06-29T08:20:53","slug":"politica-de-cookies","status":"publish","type":"page","link":"https:\/\/www.eduweb.es\/ca-ES\/politica-de-cookies\/","title":{"rendered":"Pol\u00edtica de cookies"},"content":{"rendered":"<div class=\"fusion-fullwidth fullwidth-box fusion-builder-row-1 fusion-flex-container nonhundred-percent-fullwidth non-hundred-percent-height-scrolling\" style=\"--awb-border-radius-top-left:0px;--awb-border-radius-top-right:0px;--awb-border-radius-bottom-right:0px;--awb-border-radius-bottom-left:0px;--awb-flex-wrap:wrap;\" ><div class=\"fusion-builder-row fusion-row fusion-flex-align-items-flex-start fusion-flex-content-wrap\" style=\"max-width:calc( 1200px + 0px );margin-left: calc(-0px \/ 2 );margin-right: calc(-0px \/ 2 );\"><div class=\"fusion-layout-column fusion_builder_column fusion-builder-column-0 fusion_builder_column_1_1 1_1 fusion-flex-column\" style=\"--awb-bg-size:cover;--awb-width-large:100%;--awb-margin-top-large:0px;--awb-spacing-right-large:0px;--awb-margin-bottom-large:20px;--awb-spacing-left-large:0px;--awb-width-medium:100%;--awb-spacing-right-medium:0px;--awb-spacing-left-medium:0px;--awb-width-small:100%;--awb-spacing-right-small:0px;--awb-spacing-left-small:0px;\"><div class=\"fusion-column-wrapper fusion-flex-justify-content-flex-start fusion-content-layout-column\"><div class=\"fusion-title title fusion-title-1 fusion-sep-none fusion-title-text fusion-title-size-one\"><h1 class=\"fusion-title-heading title-heading-left\" style=\"margin:0;\">POL\u00cdTICA DE COOKIES<\/h1><\/div><div class=\"fusion-text fusion-text-1\"><div class=\"selected-page-text\">\n<p>El presente documento tiene por finalidad establecer la pol\u00edtica de uso de cookies de los sitios web de EDUARDO GUARDIA XIFRA, con domicilio social en C\/ DIPUTACI\u00d3 144\u00a0 3-2 BARCELONA 08015), y NIF 38086243Z\u00a0 Los T\u00e9rminos &#8220;Usted&#8221; y &#8220;Usuario&#8221; se emplean aqu\u00ed para referirse a todos los individuos y\/o entidades que por cualquier raz\u00f3n accedan a los sitios web de EDUARDO GUARDIA XIFRA o utilicen los servicios. La utilizaci\u00f3n de estos servicios, supondr\u00e1 la aceptaci\u00f3n plena y sin reservas de esta pol\u00edtica de uso de cookies.<\/p>\n<p>EDUARDO GUARDIA XIFRA podr\u00e1 recoger informaci\u00f3n a trav\u00e9s de archivos como cookies o ficheros log sobre la navegaci\u00f3n de los usuarios por los Sitio Web de su titularidad. Estos dispositivos se asocian exclusivamente a un \u00fanico usuario y su propio dispositivo de acceso. Las cookies son ficheros enviados por el sitio web y almacenados en el navegador del usuario por medio de un servidor web para el mantenimiento de la sesi\u00f3n de navegaci\u00f3n almacenando su direcci\u00f3n IP (de su ordenador) y otros posibles datos de navegaci\u00f3n.<\/p>\n<p>EDUARDO GUARDIA XIFRA utiliza cookies de anal\u00edtica web para medir y analizar la navegaci\u00f3n de los usuarios en los Sitios Web. Las cookies de anal\u00edtica son aqu\u00e9llas que permiten al responsable de las mismas, el seguimiento y an\u00e1lisis del comportamiento de los usuarios de los sitios web a los que est\u00e9n vinculadas. EDUARDO GUARDIA XIFRA utiliza los datos obtenidos con el fin de introducir mejoras en funci\u00f3n del an\u00e1lisis de los datos de uso que hacen los usuarios. La anal\u00edtica web no permite obtener informaci\u00f3n sobre el nombre, apellidos o direcci\u00f3n de correo electr\u00f3nico o postal del usuario. La informaci\u00f3n obtenida es la relativa al n\u00famero de usuarios que acceden a la web, el n\u00famero de p\u00e1ginas vistas, la frecuencia y repetici\u00f3n de las visitas, su duraci\u00f3n, el navegador utilizado, el operador que presta el servicio, el idioma, el terminal utilizado o la ciudad a la que est\u00e1 asignada la direcci\u00f3n IP.<\/p>\n<p>En la siguiente tabla puede consultar las cookies utilizadas en los sitios web de EDUARDO GUARDIA XIFRA la informaci\u00f3n obtenida por las mismas y su finalidad:<\/p>\n<table class=\"padding-table\" border=\"1\" width=\"100%\" cellspacing=\"0\" cellpadding=\"5\">\n<tbody>\n<tr>\n<td colspan=\"4\"><b>Cookies pr\u00f3pias<\/b><\/td>\n<\/tr>\n<tr>\n<td><b>Cookie<\/b><\/td>\n<td><b>Finalidad de la cookie<\/b><\/td>\n<\/tr>\n<tr>\n<td>aviso<\/td>\n<td>Se utiliza para ocultar el aviso de cookies.<\/td>\n<\/tr>\n<\/tbody>\n<\/table>\n<table class=\"padding-table\" border=\"1\" width=\"100%\" cellspacing=\"0\" cellpadding=\"5\">\n<tbody>\n<tr>\n<td colspan=\"5\"><b>Cookies externas<\/b><\/td>\n<\/tr>\n<tr>\n<td><b>Proveedor<\/b><\/td>\n<td><b>Finalidad de la cookie<\/b><\/td>\n<td><b>Nombre\/s<\/b><\/td>\n<td><b>Descripci\u00f3n<\/b><\/td>\n<td><b>Empresa<\/b><\/td>\n<\/tr>\n<tr>\n<td>Google Analytics<\/td>\n<td>Estudio de la audiencia<\/td>\n<td>APISID, HSID, PREF, SAPISID, SID, SSID, DV, NID, __gads, AID<\/td>\n<td>Obtener informaci\u00f3n de la navegaci\u00f3n, medir y analizar la audiencia.<\/td>\n<td><small>(Google, Inc.)<\/small><\/td>\n<\/tr>\n<tr>\n<td>DoubleClick<\/td>\n<td>Estudio de la audiencia<\/td>\n<td>__sonar, id<\/td>\n<td>Obtener informaci\u00f3n de la navegaci\u00f3n, medir y analizar la audiencia.<\/td>\n<td><small>(Google, Inc.)<\/small><\/td>\n<\/tr>\n<tr>\n<td>Facebook Plugin social<\/td>\n<td>Compartir informaci\u00f3n<\/td>\n<td>act, c_user, csm, datr, fr, lu, p, presence, s, xs<\/td>\n<td>El plugin social de Facebook es una herramienta que el usuario puede utilizar para compartir informaci\u00f3n con sus contactos y\/o amigos en Facebook.<\/td>\n<td><small>(Facebook, Inc.)<\/small><\/td>\n<\/tr>\n<tr>\n<td>Crazy Egg<\/td>\n<td>Estudio de la audiencia<\/td>\n<td>is_returning<\/td>\n<td>Obtener informaci\u00f3n de la navegaci\u00f3n, medir y analizar la audiencia.<\/td>\n<td><small>(Crazy Egg, Inc.)<\/small><\/td>\n<\/tr>\n<tr>\n<td>Twitter Badge y Twitter Button Plugin<\/td>\n<td>Compartir informaci\u00f3n<\/td>\n<td>lang, pid, metrics_token, __utma, __utmv, _ga, dnt, guest_id, remember_checked_on<\/td>\n<td>El plugin social de Twitter es una herramienta que el usuario puede utilizar para compartir informaci\u00f3n con sus contactos y\/o amigos en Twitter.<\/td>\n<td><small>(Twitter, Inc.)<\/small><\/td>\n<\/tr>\n<tr>\n<td>AddThis<\/td>\n<td>Cuenta de acciones<\/td>\n<td>__atuvc<\/td>\n<td>La cookie __atuvc esta creada y le\u00edda por el JavaScript del sitio para compartir de Addthis en el cliente con el fin de asegurarse de que el usuario ve el recuento actualizado si comparten una p\u00e1gina y vuelven a ella antes de que se actualiza el cach\u00e9 de cuenta de acciones. Ning\u00edn dato de la cookie se env\u00eda de nuevo al AddThis y quitarlo al deshabilitar las cookies podr\u00edan provocar un comportamiento inesperado para los usuarios.<\/td>\n<td><small>(AddThis, Inc.)<\/small><\/td>\n<\/tr>\n<\/tbody>\n<\/table>\n<p>Para revocar el consentimiento otorgado, el usuario tiene la posibilidad de deshabilitar las cookies modificando la configuraci\u00f3n de su navegador. En los enlaces que se detallan a continuaci\u00f3n, el usuario encontrar\u00e1 m\u00e1s informaci\u00f3n sobre qu\u00e9 cookies tiene instaladas, c\u00f3mo permitir su instalaci\u00f3n, bloquearlas o eliminarlas de su equipo. Dependiendo de qu\u00e9 navegador utilice, el usuario podr\u00e1 dispone de los siguientes enlaces:<\/p>\n<p> Firefox: <a href=\"http:\/\/support.mozilla.org\/es\/kb\/cookies-informacion-que-los-sitios-web-guardan-en-\" target=\"_blank\" rel=\"noopener\">http:\/\/support.mozilla.org\/es\/kb\/cookies-informacion-que-los-sitios-web-guardan-en-<\/a><br \/> Chrome: <a href=\"http:\/\/support.google.com\/chrome\/bin\/answer.py?hl=es&amp;answer=95647\" target=\"_blank\" rel=\"noopener\">http:\/\/support.google.com\/chrome\/bin\/answer.py?hl=es&amp;answer=95647<\/a><br \/> Safari: <a href=\"http:\/\/support.apple.com\/kb\/ph5042\" target=\"_blank\" rel=\"noopener\">http:\/\/support.apple.com\/kb\/ph5042<\/a><br \/> Explorer: <a href=\"http:\/\/windows.microsoft.com\/es-es\/windows7\/how-to-manage-cookies-in-internet-explorer-9\" target=\"_blank\" rel=\"noopener\">http:\/\/windows.microsoft.com\/es-es\/windows7\/how-to-manage-cookies-in-internet-explorer-9<\/a><\/p>\n<\/div>\n<\/div><\/div><\/div><\/div><\/div>\n","protected":false},"excerpt":{"rendered":"","protected":false},"author":1,"featured_media":0,"parent":0,"menu_order":0,"comment_status":"closed","ping_status":"closed","template":"blank.php","meta":{"footnotes":""},"class_list":["post-15380","page","type-page","status-publish","hentry"],"_links":{"self":[{"href":"https:\/\/www.eduweb.es\/ca-ES\/wp-json\/wp\/v2\/pages\/15380","targetHints":{"allow":["GET"]}}],"collection":[{"href":"https:\/\/www.eduweb.es\/ca-ES\/wp-json\/wp\/v2\/pages"}],"about":[{"href":"https:\/\/www.eduweb.es\/ca-ES\/wp-json\/wp\/v2\/types\/page"}],"author":[{"embeddable":true,"href":"https:\/\/www.eduweb.es\/ca-ES\/wp-json\/wp\/v2\/users\/1"}],"replies":[{"embeddable":true,"href":"https:\/\/www.eduweb.es\/ca-ES\/wp-json\/wp\/v2\/comments?post=15380"}],"version-history":[{"count":0,"href":"https:\/\/www.eduweb.es\/ca-ES\/wp-json\/wp\/v2\/pages\/15380\/revisions"}],"wp:attachment":[{"href":"https:\/\/www.eduweb.es\/ca-ES\/wp-json\/wp\/v2\/media?parent=15380"}],"curies":[{"name":"wp","href":"https:\/\/api.w.org\/{rel}","templated":true}]}}