{"id":13582,"date":"2016-07-29T08:26:46","date_gmt":"2016-07-29T06:26:46","guid":{"rendered":"http:\/\/eduweb.es?page_id=13582"},"modified":"2023-09-28T10:10:30","modified_gmt":"2023-09-28T08:10:30","slug":"suport-tecnic-hosting-i-dominis","status":"publish","type":"page","link":"https:\/\/www.eduweb.es\/ca-ES\/suport-tecnic-hosting-i-dominis\/","title":{"rendered":"Suport t\u00e8cnic, Hosting  i Dominis"},"content":{"rendered":"<p><div class=\"fusion-fullwidth fullwidth-box fusion-builder-row-1 fusion-flex-container has-pattern-background has-mask-background nonhundred-percent-fullwidth non-hundred-percent-height-scrolling\" style=\"--awb-background-position:left top;--awb-border-sizes-top:0px;--awb-border-sizes-bottom:0px;--awb-border-sizes-left:0px;--awb-border-sizes-right:0px;--awb-border-radius-top-left:0px;--awb-border-radius-top-right:0px;--awb-border-radius-bottom-right:0px;--awb-border-radius-bottom-left:0px;--awb-padding-bottom:20px;--awb-flex-wrap:wrap;\" ><div class=\"fusion-builder-row fusion-row fusion-flex-align-items-center fusion-flex-content-wrap\" style=\"max-width:1248px;margin-left: calc(-4% \/ 2 );margin-right: calc(-4% \/ 2 );\"><div class=\"fusion-layout-column fusion_builder_column fusion-builder-column-0 fusion_builder_column_2_5 2_5 fusion-flex-column\" style=\"--awb-bg-size:cover;--awb-width-large:40%;--awb-margin-top-large:0px;--awb-spacing-right-large:3.84%;--awb-margin-bottom-large:20px;--awb-spacing-left-large:4.8%;--awb-width-medium:40%;--awb-order-medium:0;--awb-spacing-right-medium:3.84%;--awb-spacing-left-medium:4.8%;--awb-width-small:100%;--awb-order-small:0;--awb-spacing-right-small:1.92%;--awb-spacing-left-small:1.92%;\"><div class=\"fusion-column-wrapper fusion-column-has-shadow fusion-flex-justify-content-flex-start fusion-content-layout-column\"><i class=\"fb-icon-element-1 fb-icon-element fontawesome-icon fa-server fas circle-yes fusion-text-flow\" style=\"--awb-circlebordersize:1px;--awb-font-size:140.8px;--awb-width:281.6px;--awb-height:281.6px;--awb-line-height:279.6px;--awb-margin-right:80px;\"><\/i><\/div><\/div><div class=\"fusion-layout-column fusion_builder_column fusion-builder-column-1 fusion_builder_column_3_5 3_5 fusion-flex-column\" style=\"--awb-bg-size:cover;--awb-width-large:60%;--awb-margin-top-large:0px;--awb-spacing-right-large:3.2%;--awb-margin-bottom-large:20px;--awb-spacing-left-large:3.84%;--awb-width-medium:60%;--awb-spacing-right-medium:3.2%;--awb-spacing-left-medium:3.84%;--awb-width-small:100%;--awb-spacing-right-small:1.92%;--awb-spacing-left-small:1.92%;\"><div class=\"fusion-column-wrapper fusion-flex-justify-content-flex-start fusion-content-layout-column\"><div class=\"fusion-title title fusion-title-1 fusion-sep-none fusion-title-text fusion-title-size-three\"><h3 class=\"fusion-title-heading title-heading-left\" style=\"margin:0;\">Suport t\u00e8cnic, hosting i dominis<\/h3><\/div><div class=\"fusion-text fusion-text-1\"><h5>Ning\u00fa espera que ho s\u00e0pigues tot sobre el funcionament d&#8217;una web. Ja tens molta feina a proporcionar als teus clients el millor servei possible. Per a aix\u00f2 estem nosaltres.<\/h5>\n<p>Registrar un domini et permet assegurar la teva pres\u00e8ncia en Internet. Es tracta d&#8217;un proc\u00e9s r\u00e0pid, senzill i avui dia molt econ\u00f2mic. A m\u00e9s, associant el teu domini a un pla d&#8217;allotjament \/ hosting podr\u00e0s donar una imatge m\u00e9s professional del teu negoci adquirint adreces d&#8217;email pr\u00f2pies (info@sunegocio.com).<\/p>\n<ul>\n<li>Suport telef\u00f2nic i correu electr\u00f2nic.<\/li>\n<li>Externalitza el manteniment del teu web actual amb nosaltres a preus assequibles.<\/li>\n<li>T&#8217;assessorem i ajudem a registrar un domini.<\/li>\n<li>T&#8217;assessorem a triar el millor hosting per al teu web i correus.<\/li>\n<\/ul>\n<\/div><div class=\"fusion-separator fusion-full-width-sep\" style=\"align-self: center;margin-left: auto;margin-right: auto;margin-top:5px;margin-bottom:5px;width:100%;\"><\/div><div ><a class=\"fusion-button button-flat fusion-button-default-size button-default fusion-button-default button-1 fusion-button-default-span fusion-button-default-type\" style=\"--button-border-radius-top-left:6px;--button-border-radius-top-right:6px;--button-border-radius-bottom-right:6px;--button-border-radius-bottom-left:6px;\" target=\"_self\" href=\"https:\/\/www.eduweb.es\/ca-ES\/contacte\/\"><span class=\"fusion-button-text awb-button__text awb-button__text--default\">PARLEM ?<\/span><\/a><\/div><\/div><\/div><\/div><\/div><div class=\"fusion-fullwidth fullwidth-box fusion-builder-row-2 fusion-flex-container nonhundred-percent-fullwidth non-hundred-percent-height-scrolling\" style=\"--awb-border-sizes-top:0px;--awb-border-sizes-bottom:0px;--awb-border-sizes-left:0px;--awb-border-sizes-right:0px;--awb-border-color:#363636;--awb-border-radius-top-left:0px;--awb-border-radius-top-right:0px;--awb-border-radius-bottom-right:0px;--awb-border-radius-bottom-left:0px;--awb-padding-top:35px;--awb-padding-bottom:40px;--awb-background-color:#363636;--awb-flex-wrap:wrap;\" ><div class=\"fusion-builder-row fusion-row fusion-flex-align-items-flex-start fusion-flex-content-wrap\" style=\"max-width:1248px;margin-left: calc(-4% \/ 2 );margin-right: calc(-4% \/ 2 );\"><div class=\"fusion-layout-column fusion_builder_column fusion-builder-column-2 fusion_builder_column_1_1 1_1 fusion-flex-column fusion-flex-align-self-flex-start fusion-column-no-min-height\" style=\"--awb-bg-size:cover;--awb-width-large:100%;--awb-margin-top-large:0px;--awb-spacing-right-large:1.92%;--awb-margin-bottom-large:0px;--awb-spacing-left-large:1.92%;--awb-width-medium:100%;--awb-order-medium:0;--awb-spacing-right-medium:1.92%;--awb-spacing-left-medium:1.92%;--awb-width-small:100%;--awb-order-small:0;--awb-spacing-right-small:1.92%;--awb-spacing-left-small:1.92%;\"><div class=\"fusion-column-wrapper fusion-column-has-shadow fusion-flex-justify-content-flex-start fusion-content-layout-column\"><div class=\"fusion-text fusion-text-2\"><h1 style=\"text-align: center; font-size: 30px !important; color: #fff !important;\">4 consells \u00fatils per a escojer un gran pla d&#8217;allotjament web o hosting<\/h1>\n<p style=\"text-align: center; margin-top: -10px; font-size: 17px !important; line-height: 24px !important; color: #b1b1b1 !important;\">Fiabilitat, flexibilitat, qualitat i el preu s\u00f3n els 4 elements m\u00e9s importants que cal tenir en compte per a avaluar un pla de hosting. Eduweb t&#8217;assessora i guia a l&#8217;hora de escojer el millor pla d&#8217;allotjament per a les caracter\u00edstiques del teu web.<\/p>\n<\/div><\/div><\/div><\/div><\/div><div class=\"fusion-fullwidth fullwidth-box fusion-builder-row-3 fusion-flex-container hundred-percent-fullwidth non-hundred-percent-height-scrolling\" style=\"--awb-border-sizes-top:0px;--awb-border-sizes-bottom:0px;--awb-border-sizes-left:0px;--awb-border-sizes-right:0px;--awb-border-color:#363636;--awb-border-radius-top-left:0px;--awb-border-radius-top-right:0px;--awb-border-radius-bottom-right:0px;--awb-border-radius-bottom-left:0px;--awb-padding-top:0px;--awb-padding-right:20px;--awb-padding-bottom:0px;--awb-padding-left:20px;--awb-flex-wrap:wrap;\" ><div class=\"fusion-builder-row fusion-row fusion-flex-align-items-flex-start fusion-flex-content-wrap\" style=\"width:104% !important;max-width:104% !important;margin-left: calc(-4% \/ 2 );margin-right: calc(-4% \/ 2 );\"><div class=\"fusion-layout-column fusion_builder_column fusion-builder-column-3 fusion_builder_column_1_1 1_1 fusion-flex-column\" style=\"--awb-bg-color:#363636;--awb-bg-color-hover:#363636;--awb-bg-size:cover;--awb-border-color:#363636;--awb-border-top:0;--awb-border-right:0;--awb-border-bottom:0;--awb-border-left:0;--awb-border-style:solid;--awb-width-large:100%;--awb-margin-top-large:0px;--awb-spacing-right-large:1.92%;--awb-margin-bottom-large:0px;--awb-spacing-left-large:1.92%;--awb-width-medium:100%;--awb-order-medium:0;--awb-spacing-right-medium:1.92%;--awb-spacing-left-medium:1.92%;--awb-width-small:100%;--awb-order-small:0;--awb-spacing-right-small:1.92%;--awb-spacing-left-small:1.92%;\"><div class=\"fusion-column-wrapper fusion-column-has-shadow fusion-flex-justify-content-flex-start fusion-content-layout-column\"><div class=\"fusion-section-separator section-separator triangle fusion-section-separator-1\" style=\"--awb-border-bottom:2px solid #363636;--awb-spacer-height:2px;--awb-svg-margin-left:1.92%;--awb-svg-margin-right:1.92%;--awb-svg-margin-left-medium:1.92%;--awb-svg-margin-right-medium:1.92%;--awb-svg-margin-left-small:1.92%;--awb-svg-margin-right-small:1.92%;--awb-icon-color:var(--awb-custom_color_5);--awb-icon-top:auto;--awb-icon-bottom:-12px;\"><div class=\"fusion-section-separator-svg\"><div class=\"divider-candy-arrow bottom\" style=\"top:2px;border-top-color: #363636;\"><\/div><div class=\"divider-candy bottom\" style=\"bottom:-22px;border-bottom:1px solid #363636;border-left:1px solid #363636;\"><\/div><\/div><div class=\"fusion-section-separator-spacer\"><div class=\"fusion-section-separator-spacer-height\"><\/div><\/div><\/div><\/div><\/div><\/div><\/div><div class=\"fusion-fullwidth fullwidth-box fusion-builder-row-4 fusion-flex-container nonhundred-percent-fullwidth non-hundred-percent-height-scrolling\" style=\"--awb-background-position:left top;--awb-border-sizes-top:0px;--awb-border-sizes-bottom:0px;--awb-border-sizes-left:0px;--awb-border-sizes-right:0px;--awb-border-color:#363636;--awb-border-radius-top-left:0px;--awb-border-radius-top-right:0px;--awb-border-radius-bottom-right:0px;--awb-border-radius-bottom-left:0px;--awb-padding-top:65px;--awb-padding-bottom:50px;--awb-flex-wrap:wrap;\" ><div class=\"fusion-builder-row fusion-row fusion-flex-align-items-flex-start fusion-flex-content-wrap\" style=\"max-width:1248px;margin-left: calc(-4% \/ 2 );margin-right: calc(-4% \/ 2 );\"><div class=\"fusion-layout-column fusion_builder_column fusion-builder-column-4 fusion_builder_column_1_2 1_2 fusion-flex-column\" style=\"--awb-bg-size:cover;--awb-width-large:50%;--awb-margin-top-large:0px;--awb-spacing-right-large:3.84%;--awb-margin-bottom-large:20px;--awb-spacing-left-large:3.84%;--awb-width-medium:50%;--awb-spacing-right-medium:3.84%;--awb-spacing-left-medium:3.84%;--awb-width-small:100%;--awb-spacing-right-small:1.92%;--awb-spacing-left-small:1.92%;\"><div class=\"fusion-column-wrapper fusion-flex-justify-content-flex-start fusion-content-layout-column\"><div class=\"fusion-text fusion-text-3\"><h3>Fiabilitat i confian\u00e7a<\/h3>\n<p>Si vas construir una p\u00e0gina web per a la teva empresa\u00a0 \u00e9s molt important que s\u00e0pigues que\u00a0 fiabilitat i confian\u00e7a et dona el hosting on allotjar\u00e0s la teva p\u00e0gina web.<\/p>\n<ul>\n<li><strong>El temps d&#8217;activitat prop del 100% .<\/strong>\u00a0 Un temps d&#8217;activitat alt (\u00e9s a dir web sempre en l\u00ednia sense caigudes del servidor), assegura que els teus visitants sempre accedeixen a la teva p\u00e0gina web, per tant no perdr\u00e0s cap oportunitat de vendes.<\/li>\n<li><strong>Suport.<\/strong> La pregunta \u00e9s: <strong>el pla de hosting ha de venir amb suport t\u00e8cnic?<\/strong> En cas afirmatiu, <strong>com i quan es pot arribar a ell?<\/strong> Avui dia, la majoria de les empreses d&#8217;allotjament proporcionen assist\u00e8ncia t\u00e8cnica als seus clients, per\u00f2 no totes elles ofereixen un suport de qualitat.\u00a0 Cal investigar i llegir b\u00e9 les condicions del pla abans de contractar-lo.<\/li>\n<\/ul>\n<h3>Flexibilitat<\/h3>\n<p>Quan el seu negoci en l\u00ednia es fa m\u00e9s gran, ha de ser possible actualitzar-ho a un millor pla d&#8217;allotjament per a adaptar-ho a les necessitats de la teva p\u00e0gina web. Deus sempre poder respondre a aquestes preguntes:<\/p>\n<ul>\n<li><strong>Pot el pla d&#8217;allotjament actualitzar-se\u00a0 a un pla millor sense complicacions en el futur?<\/strong><\/li>\n<li><strong>Quant \u00e9s el cost extra per a actualitzar el pla cap a un millor?<\/strong><\/li>\n<li><strong>I en el cas de transferir el servei d&#8217;allotjament a una altra empresa, \u00e9s f\u00e0cil fer-ho?<\/strong><\/li>\n<\/ul>\n<\/div><\/div><\/div><div class=\"fusion-layout-column fusion_builder_column fusion-builder-column-5 fusion_builder_column_1_2 1_2 fusion-flex-column\" style=\"--awb-bg-size:cover;--awb-width-large:50%;--awb-margin-top-large:0px;--awb-spacing-right-large:3.84%;--awb-margin-bottom-large:20px;--awb-spacing-left-large:3.84%;--awb-width-medium:50%;--awb-spacing-right-medium:3.84%;--awb-spacing-left-medium:3.84%;--awb-width-small:100%;--awb-spacing-right-small:1.92%;--awb-spacing-left-small:1.92%;\"><div class=\"fusion-column-wrapper fusion-flex-justify-content-flex-start fusion-content-layout-column\"><div class=\"fusion-text fusion-text-4\"><h3>Qualitat<\/h3>\n<p>Necessites saber el nivell de qualitat i les caracter\u00edstiques t\u00e8cniques que ha de tenir un bon pla d&#8217;allotjament web avui dia. Des de eduweb suggerim un pla de hosting amb cPanel i Fantastico, MySQL &#8211; Versi\u00f3 5 i superiors i per descomptat PHP 5 o superior. Tranquil, t&#8217;assessorem en aix\u00f2.<\/p>\n<ul>\n<li><strong>cPanel<\/strong> &#8211; Serveix com a panell de control\u00a0per a administrar el teu compte allotjat. \u00c9s molt similar al panell de control de Windows. A m\u00e9s, cPanel et permet administrar la teva p\u00e0gina web f\u00e0cilment al mateix temps que proporciona molt control.<\/li>\n<li><strong>Fant\u00e0stic<\/strong> &#8211; \u00c9s important encara que no imprescindible, especialment per a\u00a0 noven\u00e7ans que cre\u00efn la seva primera p\u00e0gina web. Fantastico et permet instal\u00b7lar WordPress o Joomla i molts altres programes populars sense cap coneixement t\u00e8cnic i en\u00a0un sol clic. Meravell\u00f3s, veritat?<\/li>\n<\/ul>\n<h3>Preu<\/h3>\n<p>Aix\u00f2 va en funci\u00f3 a la qualitat del servei. Un bon pla d&#8217;allotjament \u00e9s molt barat avui dia. Per a estalviar problemes i maldecaps, suggerim triar un servei d&#8217;allotjament entre els lideris de mercat, encara que existeixen altres posibilidadades interessants. En general, el preu de crear un lloc web amb dominis il\u00b7limitats est\u00e0 al voltant de 10\u20ac per mes, encara que limitant m\u00e9s l&#8217;espai pot resultar m\u00e9s barat. Per descomptat, aquests preus variaran en depenent de l&#8217;empresa de hosting, ja que ofereixen diferents plans i caracter\u00edstiques. \u00c9s b\u00e0sic estudiar-ho.<\/p>\n<\/div><\/div><\/div><\/div><\/div><\/p>\n","protected":false},"excerpt":{"rendered":"","protected":false},"author":1,"featured_media":0,"parent":0,"menu_order":0,"comment_status":"open","ping_status":"closed","template":"100-width.php","meta":{"footnotes":""},"class_list":["post-13582","page","type-page","status-publish","hentry"],"_links":{"self":[{"href":"https:\/\/www.eduweb.es\/ca-ES\/wp-json\/wp\/v2\/pages\/13582","targetHints":{"allow":["GET"]}}],"collection":[{"href":"https:\/\/www.eduweb.es\/ca-ES\/wp-json\/wp\/v2\/pages"}],"about":[{"href":"https:\/\/www.eduweb.es\/ca-ES\/wp-json\/wp\/v2\/types\/page"}],"author":[{"embeddable":true,"href":"https:\/\/www.eduweb.es\/ca-ES\/wp-json\/wp\/v2\/users\/1"}],"replies":[{"embeddable":true,"href":"https:\/\/www.eduweb.es\/ca-ES\/wp-json\/wp\/v2\/comments?post=13582"}],"version-history":[{"count":4,"href":"https:\/\/www.eduweb.es\/ca-ES\/wp-json\/wp\/v2\/pages\/13582\/revisions"}],"predecessor-version":[{"id":19929,"href":"https:\/\/www.eduweb.es\/ca-ES\/wp-json\/wp\/v2\/pages\/13582\/revisions\/19929"}],"wp:attachment":[{"href":"https:\/\/www.eduweb.es\/ca-ES\/wp-json\/wp\/v2\/media?parent=13582"}],"curies":[{"name":"wp","href":"https:\/\/api.w.org\/{rel}","templated":true}]}}