{"id":13580,"date":"2016-07-29T08:23:18","date_gmt":"2016-07-29T08:23:18","guid":{"rendered":"http:\/\/eduweb.es?page_id=13580"},"modified":"2023-09-28T10:07:38","modified_gmt":"2023-09-28T08:07:38","slug":"actualitzacions-de-software-i-seguretat","status":"publish","type":"page","link":"https:\/\/www.eduweb.es\/ca-ES\/actualitzacions-de-software-i-seguretat\/","title":{"rendered":"Actualitzacions de software i seguretat"},"content":{"rendered":"<p><div class=\"fusion-fullwidth fullwidth-box fusion-builder-row-1 fusion-flex-container has-pattern-background has-mask-background nonhundred-percent-fullwidth non-hundred-percent-height-scrolling\" style=\"--awb-background-position:left top;--awb-border-sizes-top:0px;--awb-border-sizes-bottom:0px;--awb-border-sizes-left:0px;--awb-border-sizes-right:0px;--awb-border-radius-top-left:0px;--awb-border-radius-top-right:0px;--awb-border-radius-bottom-right:0px;--awb-border-radius-bottom-left:0px;--awb-padding-bottom:20px;--awb-flex-wrap:wrap;\" ><div class=\"fusion-builder-row fusion-row fusion-flex-align-items-center fusion-flex-content-wrap\" style=\"max-width:1248px;margin-left: calc(-4% \/ 2 );margin-right: calc(-4% \/ 2 );\"><div class=\"fusion-layout-column fusion_builder_column fusion-builder-column-0 fusion_builder_column_2_5 2_5 fusion-flex-column\" style=\"--awb-bg-size:cover;--awb-width-large:40%;--awb-margin-top-large:0px;--awb-spacing-right-large:3.84%;--awb-margin-bottom-large:20px;--awb-spacing-left-large:4.8%;--awb-width-medium:40%;--awb-spacing-right-medium:3.84%;--awb-spacing-left-medium:4.8%;--awb-width-small:100%;--awb-spacing-right-small:1.92%;--awb-spacing-left-small:1.92%;\"><div class=\"fusion-column-wrapper fusion-column-has-shadow fusion-flex-justify-content-flex-start fusion-content-layout-column\"><i class=\"fb-icon-element-1 fb-icon-element fontawesome-icon fa-shield-alt fas circle-yes fusion-text-flow\" style=\"--awb-circlebordersize:1px;--awb-font-size:140.8px;--awb-width:281.6px;--awb-height:281.6px;--awb-line-height:279.6px;--awb-margin-right:80px;\"><\/i><\/div><\/div><div class=\"fusion-layout-column fusion_builder_column fusion-builder-column-1 fusion_builder_column_3_5 3_5 fusion-flex-column\" style=\"--awb-bg-size:cover;--awb-width-large:60%;--awb-margin-top-large:0px;--awb-spacing-right-large:3.2%;--awb-margin-bottom-large:20px;--awb-spacing-left-large:3.84%;--awb-width-medium:60%;--awb-spacing-right-medium:3.2%;--awb-spacing-left-medium:3.84%;--awb-width-small:100%;--awb-spacing-right-small:1.92%;--awb-spacing-left-small:1.92%;\"><div class=\"fusion-column-wrapper fusion-flex-justify-content-flex-start fusion-content-layout-column\"><div class=\"fusion-title title fusion-title-1 fusion-sep-none fusion-title-text fusion-title-size-three\"><h3 class=\"fusion-title-heading title-heading-left\" style=\"margin:0;\">Actualitzacions de software i seguretat<\/h3><\/div><div class=\"fusion-text fusion-text-1\"><p>Assegura&#8217;t que la teva p\u00e0gina web est\u00e0 aprofitant al m\u00e0xim les noves versions de programari per a la seva \u00f2ptima funcionalitat, evitar els intents de hacking m\u00e9s comuns i mantenir les dades segures.<\/p>\n<ul>\n<li>Actualitzem el programari web per seguretat. Nous pegats de seguretat, plugins, templates.<\/li>\n<li>Prevenim ataquis hackers a webs i servidors.<\/li>\n<li>Especialistes en seguretat de wordpress i joomla.<\/li>\n<li>Fem c\u00f2pies de seguretat dels arxius i continguts.<\/li>\n<li>Assessorem sobre li allotjament web o hosting m\u00e9s segur i de millor reputaci\u00f3<\/li>\n<li>Incloem les actualitzacions de seguretat en els plans de manteniment<\/li>\n<\/ul>\n<\/div><div class=\"fusion-separator fusion-full-width-sep\" style=\"align-self: center;margin-left: auto;margin-right: auto;margin-top:5px;margin-bottom:5px;width:100%;\"><\/div><div ><a class=\"fusion-button button-flat fusion-button-default-size button-default fusion-button-default button-1 fusion-button-default-span fusion-button-default-type\" style=\"--button-border-radius-top-left:6px;--button-border-radius-top-right:6px;--button-border-radius-bottom-right:6px;--button-border-radius-bottom-left:6px;\" target=\"_self\" href=\"https:\/\/www.eduweb.es\/ca-ES\/contacte\/\"><span class=\"fusion-button-text awb-button__text awb-button__text--default\">PARLEM ?<\/span><\/a><\/div><\/div><\/div><\/div><\/div><div class=\"fusion-fullwidth fullwidth-box fusion-builder-row-2 fusion-flex-container fusion-parallax-none nonhundred-percent-fullwidth non-hundred-percent-height-scrolling lazyload\" style=\"--awb-background-position:left top;--awb-background-repeat:repeat;--awb-border-sizes-top:1ppx;--awb-border-sizes-bottom:1ppx;--awb-border-sizes-left:0px;--awb-border-sizes-right:0px;--awb-border-color:#c6c6c6;--awb-border-radius-top-left:0px;--awb-border-radius-top-right:0px;--awb-border-radius-bottom-right:0px;--awb-border-radius-bottom-left:0px;--awb-padding-top:65px;--awb-padding-bottom:50px;--awb-flex-wrap:wrap;\" data-bg=\"http:\/\/www.eduweb.es\/wp-content\/uploads\/2016\/02\/bg-section-1.png\" ><div class=\"fusion-builder-row fusion-row fusion-flex-align-items-flex-start fusion-flex-content-wrap\" style=\"max-width:1248px;margin-left: calc(-4% \/ 2 );margin-right: calc(-4% \/ 2 );\"><div class=\"fusion-layout-column fusion_builder_column fusion-builder-column-2 fusion_builder_column_1_1 1_1 fusion-flex-column fusion-flex-align-self-flex-start fusion-column-no-min-height\" style=\"--awb-bg-size:cover;--awb-width-large:100%;--awb-margin-top-large:0px;--awb-spacing-right-large:1.92%;--awb-margin-bottom-large:0px;--awb-spacing-left-large:1.92%;--awb-width-medium:100%;--awb-spacing-right-medium:1.92%;--awb-spacing-left-medium:1.92%;--awb-width-small:100%;--awb-spacing-right-small:1.92%;--awb-spacing-left-small:1.92%;\"><div class=\"fusion-column-wrapper fusion-flex-justify-content-flex-start fusion-content-layout-column\"><div class=\"fusion-text fusion-text-2\"><p>h1 style=&#8221;text-align: center; font-size: 32px !important;&#8221;&gt;PODEM FER <span style=\"font-weight: bold;\">LA TEVA WEB M\u00c9S SEGURA<\/span><\/p>\n<h4 style=\"text-align: center;\"><span style=\"color: #5a6063;\">Assegura&#8217;t que la teva p\u00e0gina web est\u00e0 aprofitant al m\u00e0xim de les noves versions de programari per a evitar els intents habituals de hacking i mantenir aix\u00ed les teves dades segures.<br \/>\n<\/span><\/h4>\n<\/div><div class=\"fusion-separator fusion-full-width-sep\" style=\"align-self: center;margin-left: auto;margin-right: auto;margin-top:10px;margin-bottom:20px;width:100%;\"><\/div><\/div><\/div><div class=\"fusion-layout-column fusion_builder_column fusion-builder-column-3 fusion_builder_column_1_4 1_4 fusion-flex-column\" style=\"--awb-bg-size:cover;--awb-width-large:25%;--awb-margin-top-large:0px;--awb-spacing-right-large:7.68%;--awb-margin-bottom-large:20px;--awb-spacing-left-large:7.68%;--awb-width-medium:25%;--awb-spacing-right-medium:7.68%;--awb-spacing-left-medium:7.68%;--awb-width-small:100%;--awb-spacing-right-small:1.92%;--awb-spacing-left-small:1.92%;\"><div class=\"fusion-column-wrapper fusion-flex-justify-content-flex-start fusion-content-layout-column\"><i class=\"fb-icon-element-2 fb-icon-element fontawesome-icon fa-calendar-alt fas circle-yes\" style=\"--awb-iconcolor-hover:#ffffff;--awb-circlecolor-hover:#88ba00;--awb-circlebordercolor-hover:#88ba00;--awb-circlebordersize:1px;--awb-font-size:56.32px;--awb-width:112.64px;--awb-height:112.64px;--awb-line-height:110.64px;--awb-margin-top:0;--awb-margin-right:0;--awb-margin-bottom:0;--awb-margin-left:0;--awb-align-self:center;\"><\/i><div class=\"fusion-title title fusion-title-2 fusion-sep-none fusion-title-center fusion-title-text fusion-title-size-four\"><h4 class=\"fusion-title-heading title-heading-center\" style=\"margin:0;\">La import\u00e0ncia d&#8217;estar al dia i actualitzat<\/h4><\/div><div class=\"fusion-text fusion-text-3\" style=\"--awb-content-alignment:center;\"><p>Una de les majors amenaces a la seguretat d&#8217;internet i del teu web \u00e9s un programari obsolet. Has d&#8217;entendre que un dels factors per a l&#8217;\u00e8xit dels hackers \u00e9s el temps. Els hackers amb temps poden analitzar i desarmar el programari que utilitzes i accedir als teus usuaris i\u00a0 arxius privats.<\/p>\n<\/div><\/div><\/div><div class=\"fusion-layout-column fusion_builder_column fusion-builder-column-4 fusion_builder_column_1_4 1_4 fusion-flex-column\" style=\"--awb-bg-size:cover;--awb-width-large:25%;--awb-margin-top-large:0px;--awb-spacing-right-large:7.68%;--awb-margin-bottom-large:20px;--awb-spacing-left-large:7.68%;--awb-width-medium:25%;--awb-spacing-right-medium:7.68%;--awb-spacing-left-medium:7.68%;--awb-width-small:100%;--awb-spacing-right-small:1.92%;--awb-spacing-left-small:1.92%;\"><div class=\"fusion-column-wrapper fusion-flex-justify-content-flex-start fusion-content-layout-column\"><i class=\"fb-icon-element-3 fb-icon-element fontawesome-icon fa-joomla fab circle-yes\" style=\"--awb-iconcolor-hover:#ffffff;--awb-circlecolor-hover:#88ba00;--awb-circlebordercolor-hover:#88ba00;--awb-circlebordersize:1px;--awb-font-size:56.32px;--awb-width:112.64px;--awb-height:112.64px;--awb-line-height:110.64px;--awb-margin-top:0;--awb-margin-right:0;--awb-margin-bottom:0;--awb-margin-left:0;--awb-align-self:center;\"><\/i><div class=\"fusion-title title fusion-title-3 fusion-sep-none fusion-title-center fusion-title-text fusion-title-size-four\"><h4 class=\"fusion-title-heading title-heading-center\" style=\"margin:0;\">Open Source<\/h4><\/div><div class=\"fusion-text fusion-text-4\" style=\"--awb-content-alignment:center;\"><p>La seguretat es torna encara m\u00e9s important si utilitzes codi obert p\u00fablic , com \u00e9s un joomla o un wordpress. El codi obert \u00e9s la forma m\u00e9s vers\u00e0til que existeix en el desenvolupament de programari en l\u00ednia i est\u00e0\u00a0 facilmente disponible per a l&#8217;an\u00e0lisi ja sigui amb bones o males intencions. \u00c9s per tant b\u00e0sic tenir actualitzat aquest codi, per a evitar qualsevol atac o possibilitat d&#8217;error.<\/p>\n<\/div><\/div><\/div><div class=\"fusion-layout-column fusion_builder_column fusion-builder-column-5 fusion_builder_column_1_4 1_4 fusion-flex-column\" style=\"--awb-bg-size:cover;--awb-width-large:25%;--awb-margin-top-large:0px;--awb-spacing-right-large:7.68%;--awb-margin-bottom-large:20px;--awb-spacing-left-large:7.68%;--awb-width-medium:25%;--awb-spacing-right-medium:7.68%;--awb-spacing-left-medium:7.68%;--awb-width-small:100%;--awb-spacing-right-small:1.92%;--awb-spacing-left-small:1.92%;\"><div class=\"fusion-column-wrapper fusion-flex-justify-content-flex-start fusion-content-layout-column\"><i class=\"fb-icon-element-4 fb-icon-element fontawesome-icon fa-exclamation-triangle fas circle-yes\" style=\"--awb-iconcolor-hover:#ffffff;--awb-circlecolor-hover:#88ba00;--awb-circlebordercolor-hover:#88ba00;--awb-circlebordersize:1px;--awb-font-size:56.32px;--awb-width:112.64px;--awb-height:112.64px;--awb-line-height:110.64px;--awb-margin-top:0;--awb-margin-right:0;--awb-margin-bottom:0;--awb-margin-left:0;--awb-align-self:center;\"><\/i><div class=\"fusion-title title fusion-title-4 fusion-sep-none fusion-title-center fusion-title-text fusion-title-size-four\"><h4 class=\"fusion-title-heading title-heading-center\" style=\"margin:0;\">Hackers<\/h4><\/div><div class=\"fusion-text fusion-text-5\" style=\"--awb-content-alignment:center;\"><p>Els equips que treballen en\u00a0 solucions de codi obert estan constantment treballant a tractar d&#8217;obtenir acc\u00e9s al seu propi programari utilitzant les mateixes t\u00e8cniques que els pirates inform\u00e0tics. Posteriorment, utilitzen aquests coneixements per a posar pegats el programari i prevenir l&#8217;\u00fas malici\u00f3s que l&#8217;ataca. Si no es mant\u00e9 al dia, \u00e9s a dir no s&#8217;actualitza,\u00a0 el sistema quedar\u00e0 en risc.<\/p>\n<\/div><\/div><\/div><div class=\"fusion-layout-column fusion_builder_column fusion-builder-column-6 fusion_builder_column_1_4 1_4 fusion-flex-column\" style=\"--awb-bg-size:cover;--awb-width-large:25%;--awb-margin-top-large:0px;--awb-spacing-right-large:7.68%;--awb-margin-bottom-large:20px;--awb-spacing-left-large:7.68%;--awb-width-medium:25%;--awb-spacing-right-medium:7.68%;--awb-spacing-left-medium:7.68%;--awb-width-small:100%;--awb-spacing-right-small:1.92%;--awb-spacing-left-small:1.92%;\"><div class=\"fusion-column-wrapper fusion-flex-justify-content-flex-start fusion-content-layout-column\"><i class=\"fb-icon-element-5 fb-icon-element fontawesome-icon fa-info-circle fas circle-yes\" style=\"--awb-iconcolor-hover:#ffffff;--awb-circlecolor-hover:#88ba00;--awb-circlebordercolor-hover:#88ba00;--awb-circlebordersize:1px;--awb-font-size:56.32px;--awb-width:112.64px;--awb-height:112.64px;--awb-line-height:110.64px;--awb-margin-top:0;--awb-margin-right:0;--awb-margin-bottom:0;--awb-margin-left:0;--awb-align-self:center;\"><\/i><div class=\"fusion-title title fusion-title-5 fusion-sep-none fusion-title-center fusion-title-text fusion-title-size-four\"><h4 class=\"fusion-title-heading title-heading-center\" style=\"margin:0;\">Com puc mantenir el meu web i sistemes en l\u00ednia segurs ?<\/h4><\/div><div class=\"fusion-text fusion-text-6\" style=\"--awb-content-alignment:center;\"><p>Cal deixar el tema en mans de professionals. A <strong>eduweb<\/strong> realitzem una auditoria de seguretat completa del seu programari en l\u00ednia i p\u00e0gines web. Comprovem que el programari \u00e9s segur i que est\u00e0 actualitzat. Tamb\u00e9 fem auditories de seguretat b\u00e0siques de la seva hosting i contrasenyes. Ho crees o no, contrasenyes febles han picat a grans empreses.<\/p>\n<\/div><\/div><\/div><div class=\"fusion-layout-column fusion_builder_column fusion-builder-column-7 fusion_builder_column_1_1 1_1 fusion-flex-column fusion-flex-align-self-flex-start fusion-column-no-min-height\" style=\"--awb-bg-size:cover;--awb-width-large:100%;--awb-margin-top-large:0px;--awb-spacing-right-large:1.92%;--awb-margin-bottom-large:0px;--awb-spacing-left-large:1.92%;--awb-width-medium:100%;--awb-spacing-right-medium:1.92%;--awb-spacing-left-medium:1.92%;--awb-width-small:100%;--awb-spacing-right-small:1.92%;--awb-spacing-left-small:1.92%;\"><div class=\"fusion-column-wrapper fusion-flex-justify-content-flex-start fusion-content-layout-column\"><div class=\"fusion-separator fusion-full-width-sep\" style=\"align-self: center;margin-left: auto;margin-right: auto;margin-top:10px;margin-bottom:20px;width:100%;\"><\/div><div class=\"fusion-text fusion-text-7\"><h1 style=\"text-align: center; font-size: 32px !important;\">ALGUNES CONSIDERACIONS PER A CMS <span style=\"font-weight: bold;\">JOOMLA O WORDPRESS <\/span><\/h1>\n<h4 style=\"text-align: center;\"><span style=\"color: #5a6063;\">Assegura&#8217;t que la teva p\u00e0gina web est\u00e0 aprofitant al m\u00e0xim les noves versions de programari per a evitar els intents habituals de hacking, mantenir aix\u00ed les teves dades segures i el seu funcionament correcte.<\/span><\/h4>\n<\/div><div class=\"fusion-separator fusion-full-width-sep\" style=\"align-self: center;margin-left: auto;margin-right: auto;margin-top:10px;margin-bottom:20px;width:100%;\"><\/div><\/div><\/div><div class=\"fusion-layout-column fusion_builder_column fusion-builder-column-8 fusion_builder_column_1_2 1_2 fusion-flex-column\" style=\"--awb-bg-size:cover;--awb-width-large:50%;--awb-margin-top-large:0px;--awb-spacing-right-large:3.84%;--awb-margin-bottom-large:20px;--awb-spacing-left-large:3.84%;--awb-width-medium:50%;--awb-spacing-right-medium:3.84%;--awb-spacing-left-medium:3.84%;--awb-width-small:100%;--awb-spacing-right-small:1.92%;--awb-spacing-left-small:1.92%;\"><div class=\"fusion-column-wrapper fusion-flex-justify-content-flex-start fusion-content-layout-column\"><div class=\"fusion-text fusion-text-8\"><p>En un CMS, hi ha molts components de programari: el nucleo central, els plugins, el template, etc. Aquesta mescla de programari genera a vegades vulnerabilitats de seguretat. \u00c9s inevitable en els sistemes de gesti\u00f3 de continguts de codi obert.<\/p>\n<p>Aquestes vulnerabilitats es preveen i arreglen relativament r\u00e0pid minimitzant aix\u00ed les amenaces al teu web. Per\u00f2 aqu\u00ed tenim el problema: molts propietaris de p\u00e0gines web no prenen mesures per a aconseguir aquestes correccions ( molt probablement no saben que tenen un programari que necessita actualitzar-se ). Ells no coneixen tecnicamente el seu web i corren el risc de ser hackeados.<\/p>\n<\/div><\/div><\/div><div class=\"fusion-layout-column fusion_builder_column fusion-builder-column-9 fusion_builder_column_1_2 1_2 fusion-flex-column\" style=\"--awb-bg-size:cover;--awb-width-large:50%;--awb-margin-top-large:0px;--awb-spacing-right-large:3.84%;--awb-margin-bottom-large:20px;--awb-spacing-left-large:3.84%;--awb-width-medium:50%;--awb-spacing-right-medium:3.84%;--awb-spacing-left-medium:3.84%;--awb-width-small:100%;--awb-spacing-right-small:1.92%;--awb-spacing-left-small:1.92%;\"><div class=\"fusion-column-wrapper fusion-flex-justify-content-flex-start fusion-content-layout-column\"><div class=\"fusion-text fusion-text-9\"><p>Si el programari no s&#8217;actualitza i se solucionen les vulnerabilidadaes, els hackers, finalment, trobessin una manera de tenir acc\u00e9s a la web. <strong>La millor defensa \u00e9s la prevenci\u00f3, simplement mantenir el programari del teu web actualitzat.<\/strong><\/p>\n<p>A m\u00e9s de les vulnerabilitats de seguretat, la no actualitzaci\u00f3 del programari tamb\u00e9 produir\u00e0 funcionaments erroneos en el teu web.<\/p>\n<p>Com a regla general, <strong>fes que la teva p\u00e0gina web s&#8217;actualitzi regularment almenys 1 vegada mensualment<\/strong>. \u00c9s de vital import\u00e0ncia per a la seva seguretat i funcionament.<\/p>\n<\/div><\/div><\/div><\/div><\/div><\/p>\n","protected":false},"excerpt":{"rendered":"","protected":false},"author":1,"featured_media":0,"parent":0,"menu_order":0,"comment_status":"open","ping_status":"open","template":"100-width.php","meta":{"footnotes":""},"class_list":["post-13580","page","type-page","status-publish","hentry"],"_links":{"self":[{"href":"https:\/\/www.eduweb.es\/ca-ES\/wp-json\/wp\/v2\/pages\/13580","targetHints":{"allow":["GET"]}}],"collection":[{"href":"https:\/\/www.eduweb.es\/ca-ES\/wp-json\/wp\/v2\/pages"}],"about":[{"href":"https:\/\/www.eduweb.es\/ca-ES\/wp-json\/wp\/v2\/types\/page"}],"author":[{"embeddable":true,"href":"https:\/\/www.eduweb.es\/ca-ES\/wp-json\/wp\/v2\/users\/1"}],"replies":[{"embeddable":true,"href":"https:\/\/www.eduweb.es\/ca-ES\/wp-json\/wp\/v2\/comments?post=13580"}],"version-history":[{"count":3,"href":"https:\/\/www.eduweb.es\/ca-ES\/wp-json\/wp\/v2\/pages\/13580\/revisions"}],"predecessor-version":[{"id":19927,"href":"https:\/\/www.eduweb.es\/ca-ES\/wp-json\/wp\/v2\/pages\/13580\/revisions\/19927"}],"wp:attachment":[{"href":"https:\/\/www.eduweb.es\/ca-ES\/wp-json\/wp\/v2\/media?parent=13580"}],"curies":[{"name":"wp","href":"https:\/\/api.w.org\/{rel}","templated":true}]}}