{"id":12230,"date":"2016-02-25T12:46:11","date_gmt":"2016-02-25T12:46:11","guid":{"rendered":"http:\/\/eduweb.es?page_id=12230"},"modified":"2023-09-08T11:46:21","modified_gmt":"2023-09-08T09:46:21","slug":"disseny-web-responsive","status":"publish","type":"page","link":"https:\/\/www.eduweb.es\/ca-ES\/disseny-web-responsive\/","title":{"rendered":"Disseny web responsive"},"content":{"rendered":"<p><div class=\"fusion-fullwidth fullwidth-box fusion-builder-row-1 fusion-flex-container has-pattern-background has-mask-background nonhundred-percent-fullwidth non-hundred-percent-height-scrolling\" style=\"--awb-background-position:left top;--awb-border-sizes-top:0px;--awb-border-sizes-bottom:0px;--awb-border-sizes-left:0px;--awb-border-sizes-right:0px;--awb-border-radius-top-left:0px;--awb-border-radius-top-right:0px;--awb-border-radius-bottom-right:0px;--awb-border-radius-bottom-left:0px;--awb-padding-top:60px;--awb-padding-bottom:60px;--awb-flex-wrap:wrap;\" ><div class=\"fusion-builder-row fusion-row fusion-flex-align-items-center fusion-flex-content-wrap\" style=\"max-width:1248px;margin-left: calc(-4% \/ 2 );margin-right: calc(-4% \/ 2 );\"><div class=\"fusion-layout-column fusion_builder_column fusion-builder-column-0 fusion_builder_column_2_5 2_5 fusion-flex-column\" style=\"--awb-bg-size:cover;--awb-width-large:40%;--awb-margin-top-large:35px;--awb-spacing-right-large:3.84%;--awb-margin-bottom-large:35px;--awb-spacing-left-large:4.8%;--awb-width-medium:40%;--awb-spacing-right-medium:3.84%;--awb-spacing-left-medium:4.8%;--awb-width-small:100%;--awb-spacing-right-small:1.92%;--awb-spacing-left-small:1.92%;\"><div class=\"fusion-column-wrapper fusion-column-has-shadow fusion-flex-justify-content-flex-start fusion-content-layout-column\"><i class=\"fb-icon-element-1 fb-icon-element fontawesome-icon fa-mobile-alt fas circle-yes fusion-text-flow\" style=\"--awb-circlebordersize:1px;--awb-font-size:140.8px;--awb-width:281.6px;--awb-height:281.6px;--awb-line-height:279.6px;--awb-margin-right:80px;\"><\/i><\/div><\/div><div class=\"fusion-layout-column fusion_builder_column fusion-builder-column-1 fusion_builder_column_3_5 3_5 fusion-flex-column\" style=\"--awb-bg-size:cover;--awb-width-large:60%;--awb-margin-top-large:25px;--awb-spacing-right-large:3.2%;--awb-margin-bottom-large:25px;--awb-spacing-left-large:3.84%;--awb-width-medium:60%;--awb-spacing-right-medium:3.2%;--awb-spacing-left-medium:3.84%;--awb-width-small:100%;--awb-spacing-right-small:1.92%;--awb-spacing-left-small:1.92%;\"><div class=\"fusion-column-wrapper fusion-column-has-shadow fusion-flex-justify-content-flex-start fusion-content-layout-column\"><div class=\"fusion-title title fusion-title-1 fusion-sep-none fusion-title-text fusion-title-size-three\" style=\"--awb-margin-bottom:10px;\"><h3 class=\"fusion-title-heading title-heading-left\" style=\"margin:0;\">Dise\u00f1o de P\u00e1ginas Web Responsive<\/h3><\/div><div class=\"fusion-text fusion-text-1\"><h5>Fant\u00e1sticos, modernos y hermosos dise\u00f1os que se ven a trav\u00e9s de ordenadores de escritorio, tel\u00e9fonos m\u00f3viles y tabletas. El dise\u00f1o de p\u00e1ginas web responsive es el futuro del dise\u00f1o web moderno.<\/h5>\n<ul>\n<li><strong>Eduweb <\/strong>planifica, dise\u00f1a y desarrolla <strong>p\u00e1ginas web responsive<\/strong> que aumentan las tasas de conversi\u00f3n y tr\u00e1fico en las p\u00e1ginas web.<\/li>\n<li>Nos aseguramos de que nuestras paginas web responsive sean hermosas en todos los dispositivos.<\/li>\n<li>Es el preferido de los buscadores, el <strong>dise\u00f1o de p\u00e1ginas web responsive<\/strong> har\u00e1 que tu p\u00e1gina web tenga m\u00e1s tr\u00e1fico m\u00f3vil.<\/li>\n<li>Nuestro <strong>dise\u00f1o de p\u00e1ginas web responsive <\/strong>se asegura de que tu negocio est\u00e9 preparado para el futuro y presente de la web m\u00f3vil.<\/li>\n<\/ul>\n<\/div><div class=\"fusion-separator fusion-full-width-sep\" style=\"align-self: center;margin-left: auto;margin-right: auto;margin-top:5px;margin-bottom:5px;width:100%;\"><\/div><div ><a class=\"fusion-button button-flat fusion-button-default-size button-default fusion-button-default button-1 fusion-button-default-span fusion-button-default-type\" style=\"--button-border-radius-top-left:6px;--button-border-radius-top-right:6px;--button-border-radius-bottom-right:6px;--button-border-radius-bottom-left:6px;\" target=\"_self\" title=\"presupuesto para pagina web responsive\" aria-label=\"presupuesto para pagina web responsive\" href=\"http:\/\/www.eduweb.es\/contacto\/\"><span class=\"fusion-button-text awb-button__text awb-button__text--default\">PIDENOS UN PRESUPUESTO<\/span><\/a><\/div><\/div><\/div><\/div><\/div><div class=\"fusion-fullwidth fullwidth-box fusion-builder-row-2 fusion-flex-container nonhundred-percent-fullwidth non-hundred-percent-height-scrolling\" style=\"--awb-background-position:left top;--awb-border-sizes-top:0px;--awb-border-sizes-bottom:0px;--awb-border-sizes-left:0px;--awb-border-sizes-right:0px;--awb-border-radius-top-left:0px;--awb-border-radius-top-right:0px;--awb-border-radius-bottom-right:0px;--awb-border-radius-bottom-left:0px;--awb-padding-top:20px;--awb-padding-bottom:20px;--awb-background-color:#212121;--awb-flex-wrap:wrap;\" ><div class=\"fusion-builder-row fusion-row fusion-flex-align-items-flex-start fusion-flex-content-wrap\" style=\"max-width:1248px;margin-left: calc(-4% \/ 2 );margin-right: calc(-4% \/ 2 );\"><div class=\"fusion-layout-column fusion_builder_column fusion-builder-column-2 fusion_builder_column_1_1 1_1 fusion-flex-column fusion-flex-align-self-flex-start fusion-column-no-min-height\" style=\"--awb-bg-size:cover;--awb-width-large:100%;--awb-margin-top-large:0px;--awb-spacing-right-large:1.92%;--awb-margin-bottom-large:0px;--awb-spacing-left-large:1.92%;--awb-width-medium:100%;--awb-spacing-right-medium:1.92%;--awb-spacing-left-medium:1.92%;--awb-width-small:100%;--awb-spacing-right-small:1.92%;--awb-spacing-left-small:1.92%;\"><div class=\"fusion-column-wrapper fusion-flex-justify-content-flex-start fusion-content-layout-column\"><div class=\"fusion-text fusion-text-2\"><h1 style=\"text-align: center; font-size: 30px !important; color: #fff !important;\">\u00bfQu\u00e9 es el dise\u00f1o de p\u00e1ginas web responsive y por qu\u00e9 deber\u00eda usarlo?<\/h1>\n<p style=\"text-align: center; margin-top: -10px; font-size: 17px !important; line-height: 24px !important; color: #b1b1b1 !important;\">Una p\u00e1gina web responsive es una p\u00e1gina web que se adapta al dispositivo de cada visitante, ya sea un PC de escritorio, un port\u00e1til, un smartphone o una tablet. Una p\u00e1gina <strong>web responsive<\/strong> , por lo tanto, adapta el contenido y las im\u00e1genes a distintos tama\u00f1os de pantalla con el fin de asegurar que la web sea eficaz y f\u00e1cil de usar en cualquier dispositivo.<\/p>\n<\/div><\/div><\/div><\/div><\/div><div class=\"fusion-fullwidth fullwidth-box fusion-builder-row-3 fusion-flex-container fusion-parallax-none nonhundred-percent-fullwidth non-hundred-percent-height-scrolling lazyload\" style=\"--awb-background-position:left top;--awb-border-sizes-top:1px;--awb-border-sizes-bottom:1px;--awb-border-sizes-left:0px;--awb-border-sizes-right:0px;--awb-border-color:#c6c6c6;--awb-border-radius-top-left:0px;--awb-border-radius-top-right:0px;--awb-border-radius-bottom-right:0px;--awb-border-radius-bottom-left:0px;--awb-padding-top:65px;--awb-padding-bottom:50px;--awb-background-size:cover;--awb-flex-wrap:wrap;\" data-bg=\"http:\/\/www.eduweb.es\/wp-content\/uploads\/2014\/06\/bkgd_bw2.jpg\" ><div class=\"fusion-builder-row fusion-row fusion-flex-align-items-flex-start fusion-flex-content-wrap\" style=\"max-width:1248px;margin-left: calc(-4% \/ 2 );margin-right: calc(-4% \/ 2 );\"><div class=\"fusion-layout-column fusion_builder_column fusion-builder-column-3 fusion_builder_column_1_1 1_1 fusion-flex-column fusion-flex-align-self-flex-start fusion-column-no-min-height\" style=\"--awb-bg-size:cover;--awb-width-large:100%;--awb-margin-top-large:0px;--awb-spacing-right-large:1.92%;--awb-margin-bottom-large:0px;--awb-spacing-left-large:1.92%;--awb-width-medium:100%;--awb-spacing-right-medium:1.92%;--awb-spacing-left-medium:1.92%;--awb-width-small:100%;--awb-spacing-right-small:1.92%;--awb-spacing-left-small:1.92%;\"><div class=\"fusion-column-wrapper fusion-flex-justify-content-flex-start fusion-content-layout-column\"><div class=\"fusion-separator fusion-has-icon fusion-full-width-sep\" style=\"align-self: center;margin-left: auto;margin-right: auto;margin-bottom:40px;width:100%;\"><\/div><\/div><\/div><div class=\"fusion-layout-column fusion_builder_column fusion-builder-column-4 fusion_builder_column_1_1 1_1 fusion-flex-column fusion-flex-align-self-flex-start fusion-column-no-min-height\" style=\"--awb-bg-size:cover;--awb-width-large:100%;--awb-margin-top-large:0px;--awb-spacing-right-large:1.92%;--awb-margin-bottom-large:0px;--awb-spacing-left-large:1.92%;--awb-width-medium:100%;--awb-spacing-right-medium:1.92%;--awb-spacing-left-medium:1.92%;--awb-width-small:100%;--awb-spacing-right-small:1.92%;--awb-spacing-left-small:1.92%;\"><div class=\"fusion-column-wrapper fusion-flex-justify-content-flex-start fusion-content-layout-column\"><div class=\"fusion-tabs fusion-tabs-1 clean nav-is-justified horizontal-tabs icon-position-left mobile-mode-accordion\" style=\"--awb-title-border-radius-top-left:0px;--awb-title-border-radius-top-right:0px;--awb-title-border-radius-bottom-right:0px;--awb-title-border-radius-bottom-left:0px;--awb-inactive-color:#ebeaea;--awb-background-color:#ffffff;--awb-border-color:#a8a8a8;--awb-active-border-color:var(--awb-custom_color_3);\"><div class=\"nav\"><ul class=\"nav-tabs nav-justified\" role=\"tablist\"><li class=\"active\" role=\"presentation\"><a class=\"tab-link\" data-toggle=\"tab\" role=\"tab\" aria-controls=\"tab-de1bb356a60679209f9\" aria-selected=\"true\" id=\"fusion-tab-r\u00e1pidocrecimientoenm\u00f3viles\" href=\"#tab-de1bb356a60679209f9\"><h4 class=\"fusion-tab-heading\">R\u00e1pido crecimiento en m\u00f3viles<\/h4><\/a><\/li><li role=\"presentation\"><a class=\"tab-link\" data-toggle=\"tab\" role=\"tab\" aria-controls=\"tab-5e06c573d8beefbe7d8\" aria-selected=\"false\" tabindex=\"-1\" id=\"fusion-tab-eficienteentiempo-coste\" href=\"#tab-5e06c573d8beefbe7d8\"><h4 class=\"fusion-tab-heading\">Eficiente en tiempo - coste<\/h4><\/a><\/li><li role=\"presentation\"><a class=\"tab-link\" data-toggle=\"tab\" role=\"tab\" aria-controls=\"tab-d43e846d3144866da96\" aria-selected=\"false\" tabindex=\"-1\" id=\"fusion-tab-perfectoseoparam\u00f3viles\" href=\"#tab-d43e846d3144866da96\"><h4 class=\"fusion-tab-heading\">Perfecto SEO para m\u00f3viles<\/h4><\/a><\/li><\/ul><\/div><div class=\"tab-content\"><div class=\"nav fusion-mobile-tab-nav\"><ul class=\"nav-tabs nav-justified\" role=\"tablist\"><li class=\"active\" role=\"presentation\"><a class=\"tab-link\" data-toggle=\"tab\" role=\"tab\" aria-controls=\"tab-de1bb356a60679209f9\" aria-selected=\"true\" id=\"mobile-fusion-tab-r\u00e1pidocrecimientoenm\u00f3viles\" href=\"#tab-de1bb356a60679209f9\"><h4 class=\"fusion-tab-heading\">R\u00e1pido crecimiento en m\u00f3viles<\/h4><\/a><\/li><\/ul><\/div><div class=\"tab-pane fade fusion-clearfix in active\" role=\"tabpanel\" tabindex=\"0\" aria-labelledby=\"fusion-tab-r\u00e1pidocrecimientoenm\u00f3viles\" id=\"tab-de1bb356a60679209f9\">\n<h1 style=\"text-align: center; font-size: 35px !important;\">R\u00e1pido crecimiento del uso de <span style=\"color: #bcbcbc;\">dispositivos m\u00f3viles<\/span><\/h1>\n<p style=\"text-align: center; margin-top: -10px; font-size: 17px !important; line-height: 24px !important;\">El uso de la web m\u00f3vil est\u00e1 creciendo a un ritmo extremadamente r\u00e1pido y ofrece grandes oportunidades. Por lo tanto, una p\u00e1gina web que no est\u00e1 optimizada para el uso m\u00f3vil perder\u00e1 una cantidad enorme de oportunidades de negocio. Nuestros dise\u00f1os profesionales ofrecen\u00a0 excelentes resultados tanto a los usuarios de dispositivos de escritorio como a los de dispositivos m\u00f3viles.<\/p>\n<\/div><div class=\"nav fusion-mobile-tab-nav\"><ul class=\"nav-tabs nav-justified\" role=\"tablist\"><li role=\"presentation\"><a class=\"tab-link\" data-toggle=\"tab\" role=\"tab\" aria-controls=\"tab-5e06c573d8beefbe7d8\" aria-selected=\"false\" tabindex=\"-1\" id=\"mobile-fusion-tab-eficienteentiempo-coste\" href=\"#tab-5e06c573d8beefbe7d8\"><h4 class=\"fusion-tab-heading\">Eficiente en tiempo - coste<\/h4><\/a><\/li><\/ul><\/div><div class=\"tab-pane fade fusion-clearfix\" role=\"tabpanel\" tabindex=\"0\" aria-labelledby=\"fusion-tab-eficienteentiempo-coste\" id=\"tab-5e06c573d8beefbe7d8\">\n<h1 style=\"text-align: center; font-size: 35px !important;\">Buena relaci\u00f3n <span style=\"color: #bcbcbc;\">tiempo &#8211; coste<\/span><\/h1>\n<p style=\"text-align: center; margin-top: -10px; font-size: 17px !important; line-height: 24px !important;\">El dise\u00f1o de una p\u00e1gina web responsive puede reducir dr\u00e1sticamente el tiempo y coste de desarrollo. En lugar de gastar el tiempo y los recursos en construir una web independiente para m\u00f3viles, adem\u00e1s de tu sitio web tradicional, el dise\u00f1o responsive te permite optimizar tu negocio utilizando un solo dise\u00f1o para ambos enfoques.<\/p>\n<\/div><div class=\"nav fusion-mobile-tab-nav\"><ul class=\"nav-tabs nav-justified\" role=\"tablist\"><li role=\"presentation\"><a class=\"tab-link\" data-toggle=\"tab\" role=\"tab\" aria-controls=\"tab-d43e846d3144866da96\" aria-selected=\"false\" tabindex=\"-1\" id=\"mobile-fusion-tab-perfectoseoparam\u00f3viles\" href=\"#tab-d43e846d3144866da96\"><h4 class=\"fusion-tab-heading\">Perfecto SEO para m\u00f3viles<\/h4><\/a><\/li><\/ul><\/div><div class=\"tab-pane fade fusion-clearfix\" role=\"tabpanel\" tabindex=\"0\" aria-labelledby=\"fusion-tab-perfectoseoparam\u00f3viles\" id=\"tab-d43e846d3144866da96\">\n<h1 style=\"text-align: center; font-size: 35px !important;\">El mejor amigo para un alto ranking en <span style=\"color: #bcbcbc;\">posicionamiento en buscadores para m\u00f3viles<\/span><\/h1>\n<p style=\"text-align: center; margin-top: -10px; font-size: 17px !important; line-height: 24px !important;\">Es la opci\u00f3n preferida cuando se trata de hacer que tu web m\u00f3vil sea amigable para buscadores. El ofrecer una versi\u00f3n \u00fanica y din\u00e1mica de tu web a tus visitantes, tanto en ordenadores de escritorio como en dispositivos m\u00f3viles,\u00a0 hace m\u00e1s f\u00e1cil para los buscadores entender los contenidos del servidor.<\/p>\n<\/div><\/div><\/div><\/div><\/div><\/div><\/div><\/p>\n","protected":false},"excerpt":{"rendered":"","protected":false},"author":1,"featured_media":0,"parent":0,"menu_order":0,"comment_status":"open","ping_status":"open","template":"100-width.php","meta":{"footnotes":""},"class_list":["post-12230","page","type-page","status-publish","hentry"],"_links":{"self":[{"href":"https:\/\/www.eduweb.es\/ca-ES\/wp-json\/wp\/v2\/pages\/12230","targetHints":{"allow":["GET"]}}],"collection":[{"href":"https:\/\/www.eduweb.es\/ca-ES\/wp-json\/wp\/v2\/pages"}],"about":[{"href":"https:\/\/www.eduweb.es\/ca-ES\/wp-json\/wp\/v2\/types\/page"}],"author":[{"embeddable":true,"href":"https:\/\/www.eduweb.es\/ca-ES\/wp-json\/wp\/v2\/users\/1"}],"replies":[{"embeddable":true,"href":"https:\/\/www.eduweb.es\/ca-ES\/wp-json\/wp\/v2\/comments?post=12230"}],"version-history":[{"count":1,"href":"https:\/\/www.eduweb.es\/ca-ES\/wp-json\/wp\/v2\/pages\/12230\/revisions"}],"predecessor-version":[{"id":19616,"href":"https:\/\/www.eduweb.es\/ca-ES\/wp-json\/wp\/v2\/pages\/12230\/revisions\/19616"}],"wp:attachment":[{"href":"https:\/\/www.eduweb.es\/ca-ES\/wp-json\/wp\/v2\/media?parent=12230"}],"curies":[{"name":"wp","href":"https:\/\/api.w.org\/{rel}","templated":true}]}}