{"id":12225,"date":"2016-02-25T12:42:56","date_gmt":"2016-02-25T12:42:56","guid":{"rendered":"http:\/\/eduweb.es?page_id=12225"},"modified":"2023-09-19T13:30:00","modified_gmt":"2023-09-19T11:30:00","slug":"pagines-web-en-wordpress-barcelona","status":"publish","type":"page","link":"https:\/\/www.eduweb.es\/ca-ES\/pagines-web-en-wordpress-barcelona\/","title":{"rendered":"Disseny web wordpress a Barcelona"},"content":{"rendered":"<p><div class=\"fusion-bg-parallax\" data-bg-align=\"left bottom\" data-direction=\"up\" data-mute=\"false\" data-opacity=\"100\" data-velocity=\"-0.3\" data-mobile-enabled=\"false\" data-break_parents=\"0\" data-bg-image=\"https:\/\/www.eduweb.es\/ca-ES\/wp-content\/uploads\/2020\/01\/paginas-web-wordpress-eduweb-paginas-web-barcelona.jpg\" data-bg-repeat=\"false\" data-bg-color=\"rgba(54,54,54,0.61)\" data-blend-mode=\"darken\" ><\/div><div class=\"fusion-fullwidth fullwidth-box fusion-builder-row-1 fusion-flex-container has-pattern-background has-mask-background fusion-parallax-up nonhundred-percent-fullwidth non-hundred-percent-height-scrolling lazyload\" style=\"--awb-background-position:left bottom;--awb-background-blend-mode:darken;--awb-border-sizes-top:0px;--awb-border-sizes-bottom:0px;--awb-border-sizes-left:0px;--awb-border-sizes-right:0px;--awb-border-radius-top-left:0px;--awb-border-radius-top-right:0px;--awb-border-radius-bottom-right:0px;--awb-border-radius-bottom-left:0px;--awb-padding-top:250px;--awb-padding-bottom:80px;--awb-padding-top-small:150px;--awb-background-color:rgba(54,54,54,0.61);--awb-background-size:cover;--awb-flex-wrap:wrap;\" data-bg=\"https:\/\/www.eduweb.es\/ca-ES\/wp-content\/uploads\/2020\/01\/paginas-web-wordpress-eduweb-paginas-web-barcelona.jpg\" ><div class=\"awb-background-mask\" style=\"background-image:  url(data:image\/svg+xml;utf8,%3Csvg%20width%3D%221920%22%20height%3D%22954%22%20fill%3D%22none%22%20xmlns%3D%22http%3A%2F%2Fwww.w3.org%2F2000%2Fsvg%22%3E%3Cpath%20fill-rule%3D%22evenodd%22%20clip-rule%3D%22evenodd%22%20d%3D%22M1920%200H0v954h778.074l242.786-434.234c6.47-11.566%2022.45-20.942%2035.71-20.942h109.86l205.43-371.883c6.47-11.565%2022.46-20.941%2035.71-20.941h376.02c30.93%200%2043.77%2021.877%2028.68%2048.863L1371%20954h88.38l296.28-534.011c6.47-11.664%2022.45-21.12%2035.7-21.12H1920V0z%22%20fill%3D%22rgba%2830%2C69%2C62%2C1%29%22%2F%3E%3C%2Fsvg%3E);opacity: 1 ;transform: scale(-1, -1);mix-blend-mode:normal;\"><\/div><div class=\"fusion-builder-row fusion-row fusion-flex-align-items-center fusion-flex-content-wrap\" style=\"max-width:1248px;margin-left: calc(-4% \/ 2 );margin-right: calc(-4% \/ 2 );\"><div class=\"fusion-layout-column fusion_builder_column fusion-builder-column-0 fusion_builder_column_2_3 2_3 fusion-flex-column\" style=\"--awb-bg-size:cover;--awb-width-large:66.666666666667%;--awb-margin-top-large:0px;--awb-spacing-right-large:2.88%;--awb-margin-bottom-large:0px;--awb-spacing-left-large:55px;--awb-width-medium:66.666666666667%;--awb-order-medium:0;--awb-spacing-right-medium:2.88%;--awb-spacing-left-medium:55px;--awb-width-small:100%;--awb-order-small:0;--awb-spacing-right-small:1.92%;--awb-spacing-left-small:1.92%;\" data-scroll-devices=\"small-visibility,medium-visibility,large-visibility\"><div class=\"fusion-column-wrapper fusion-column-has-shadow fusion-flex-justify-content-flex-start fusion-content-layout-column\"><div class=\"fusion-title title fusion-title-1 fusion-no-small-visibility fusion-sep-none fusion-title-text fusion-title-size-one\" style=\"--awb-text-color:var(--awb-color1);--awb-margin-bottom:20px;--awb-font-size:54px;\"><h1 class=\"fusion-title-heading title-heading-left\" style=\"margin:0;font-size:1em;\">Disseny web WordPress a Barcelona<\/h1><\/div><div class=\"fusion-title title fusion-title-2 fusion-no-medium-visibility fusion-no-large-visibility fusion-sep-none fusion-title-text fusion-title-size-one\" style=\"--awb-text-color:var(--awb-color1);--awb-margin-bottom:60px;--awb-margin-bottom-small:40px;--awb-font-size:35px;\"><h1 class=\"fusion-title-heading title-heading-left\" style=\"margin:0;font-size:1em;\">Disseny web\u00a0 WordPress a Barcelona<\/h1><\/div><div class=\"fusion-text fusion-text-1\" style=\"--awb-font-size:22px;--awb-text-color:var(--awb-color1);\"><p><strong>A eduweb fem disseny web amb WordPress<\/strong> el major sistema de gesti\u00f3 de continguts del planeta. Ampliable, es ideal per a llan\u00e7ar webs r\u00e0pides autogestionables, basades en el contingut i dotades d&#8217;un disseny modern i f\u00e0cil d&#8217;usar<\/p>\n<\/div><div class=\"fusion-separator fusion-full-width-sep\" style=\"align-self: center;margin-left: auto;margin-right: auto;margin-top:15px;margin-bottom:20px;width:100%;\"><\/div><div style=\"text-align:left;\"><a class=\"fusion-button button-flat fusion-button-default-size button-default fusion-button-default button-1 fusion-button-default-span fusion-button-default-type\" style=\"--button-border-radius-top-left:6px;--button-border-radius-top-right:6px;--button-border-radius-bottom-right:6px;--button-border-radius-bottom-left:6px;\" target=\"_self\" href=\"https:\/\/www.eduweb.es\/ca-ES\/contacte\/\"><span class=\"fusion-button-text awb-button__text awb-button__text--default\">PARLEM?<\/span><\/a><\/div><\/div><\/div><\/div><\/div><div class=\"fusion-fullwidth fullwidth-box fusion-builder-row-2 fusion-flex-container has-pattern-background has-mask-background nonhundred-percent-fullwidth non-hundred-percent-height-scrolling\" style=\"--awb-background-position:left top;--awb-border-sizes-top:0px;--awb-border-sizes-bottom:0px;--awb-border-sizes-left:0px;--awb-border-sizes-right:0px;--awb-border-radius-top-left:0px;--awb-border-radius-top-right:0px;--awb-border-radius-bottom-right:0px;--awb-border-radius-bottom-left:0px;--awb-padding-top:70px;--awb-padding-bottom:60px;--awb-margin-top:0px;--awb-flex-wrap:wrap;\" ><div class=\"fusion-builder-row fusion-row fusion-flex-align-items-center fusion-flex-content-wrap\" style=\"max-width:1248px;margin-left: calc(-4% \/ 2 );margin-right: calc(-4% \/ 2 );\"><div class=\"fusion-layout-column fusion_builder_column fusion-builder-column-1 fusion_builder_column_2_5 2_5 fusion-flex-column\" style=\"--awb-bg-blend:overlay;--awb-bg-size:cover;--awb-width-large:40%;--awb-margin-top-large:0px;--awb-spacing-right-large:3.84%;--awb-margin-bottom-large:20px;--awb-spacing-left-large:4.8%;--awb-width-medium:40%;--awb-order-medium:0;--awb-spacing-right-medium:3.84%;--awb-spacing-left-medium:4.8%;--awb-width-small:100%;--awb-order-small:0;--awb-spacing-right-small:1.92%;--awb-spacing-left-small:1.92%;\" data-scroll-devices=\"small-visibility,medium-visibility,large-visibility\"><div class=\"fusion-column-wrapper fusion-column-has-shadow fusion-flex-justify-content-center fusion-content-layout-column\"><i class=\"fb-icon-element-1 fb-icon-element fontawesome-icon fa-wordpress fab circle-yes fusion-text-flow\" style=\"--awb-circlebordersize:1px;--awb-font-size:140.8px;--awb-width:281.6px;--awb-height:281.6px;--awb-line-height:279.6px;--awb-margin-right:80px;\"><\/i><\/div><\/div><div class=\"fusion-layout-column fusion_builder_column fusion-builder-column-2 fusion_builder_column_3_5 3_5 fusion-flex-column\" style=\"--awb-bg-blend:overlay;--awb-bg-size:cover;--awb-width-large:60%;--awb-margin-top-large:0px;--awb-spacing-right-large:3.2%;--awb-margin-bottom-large:20px;--awb-spacing-left-large:3.84%;--awb-width-medium:60%;--awb-spacing-right-medium:3.2%;--awb-spacing-left-medium:3.84%;--awb-width-small:100%;--awb-spacing-right-small:1.92%;--awb-spacing-left-small:1.92%;\"><div class=\"fusion-column-wrapper fusion-flex-justify-content-flex-start fusion-content-layout-column\"><div class=\"fusion-title title fusion-title-3 fusion-sep-none fusion-title-text fusion-title-size-four\"><h4 class=\"fusion-title-heading title-heading-left\" style=\"margin:0;\">Utilitzem\u00a0wordpress\u00a0per a fer p\u00e0gines web a Barcelona<\/h4><\/div><div class=\"fusion-text fusion-text-2\"><p>Fem disseny de p\u00e0gines web en WordPress a Barcelona, un Sistema de Gesti\u00f3 de Continguts madur i efica\u00e7 i que compta amb el suport d&#8217;una gran comunitat de desenvolupadors i programadors que amplien constantment les seves funcionalitats mitjan\u00e7ant plugins.<\/p>\n<ul>\n<li>Crearem una web que reflecteixi tant l&#8217;ess\u00e8ncia de la teva marca com la personalitat del teu negoci.<\/li>\n<li>Integrarem un blog i una p\u00e0gina web en una sola plataforma que donar\u00e0 acc\u00e9s a la totalitat del teu contingut de manera r\u00e0pida i eficient.<\/li>\n<li>F\u00e0cil d&#8217;usar, personalitzable, de cost ajustat, perfecte per a <a href=\"https:\/\/www.eduweb.es\/ca-ES\/seo-posicionamient-a-buscadors\/\">posicionment a buscadors (SEO) <\/a> y <a href=\"https:\/\/www.eduweb.es\/ca-ES\/disseny-web-responsive\/\">disseny responsive<\/a>, \u00e9s a dir, s&#8217;adapta a tota mena de pantalles i dispositius.<\/li>\n<\/ul>\n<\/div><div class=\"fusion-separator fusion-full-width-sep\" style=\"align-self: center;margin-left: auto;margin-right: auto;margin-top:5px;margin-bottom:5px;width:100%;\"><\/div><div ><a class=\"fusion-button button-flat fusion-button-default-size button-default fusion-button-default button-2 fusion-button-default-span fusion-button-default-type\" style=\"--button-border-radius-top-left:6px;--button-border-radius-top-right:6px;--button-border-radius-bottom-right:6px;--button-border-radius-bottom-left:6px;\" target=\"_self\" href=\"https:\/\/www.eduweb.es\/contacte\"><span class=\"fusion-button-text awb-button__text awb-button__text--default\"> CONSULTA&#8217;NS<\/span><\/a><\/div><\/div><\/div><\/div><\/div><div class=\"fusion-fullwidth fullwidth-box fusion-builder-row-3 fusion-flex-container has-pattern-background has-mask-background fusion-parallax-none nonhundred-percent-fullwidth non-hundred-percent-height-scrolling lazyload\" style=\"--awb-background-position:center top;--awb-border-sizes-top:1px;--awb-border-sizes-bottom:1ppx;--awb-border-sizes-left:0px;--awb-border-sizes-right:0px;--awb-border-color:var(--awb-color3);--awb-border-radius-top-left:0px;--awb-border-radius-top-right:0px;--awb-border-radius-bottom-right:0px;--awb-border-radius-bottom-left:0px;--awb-padding-top:65px;--awb-padding-bottom:50px;--awb-background-size:cover;--awb-flex-wrap:wrap;\" data-bg=\"https:\/\/www.eduweb.es\/ca-ES\/wp-content\/uploads\/2020\/01\/paginas-web-wordpress-eduweb-fondo.jpg\" ><div class=\"fusion-builder-row fusion-row fusion-flex-align-items-stretch fusion-flex-content-wrap\" style=\"max-width:1248px;margin-left: calc(-4% \/ 2 );margin-right: calc(-4% \/ 2 );\"><div class=\"fusion-layout-column fusion_builder_column fusion-builder-column-3 fusion_builder_column_1_1 1_1 fusion-flex-column fusion-flex-align-self-flex-start fusion-column-no-min-height\" style=\"--awb-bg-blend:overlay;--awb-bg-size:cover;--awb-width-large:100%;--awb-margin-top-large:0px;--awb-spacing-right-large:1.92%;--awb-margin-bottom-large:0px;--awb-spacing-left-large:1.92%;--awb-width-medium:100%;--awb-order-medium:0;--awb-spacing-right-medium:1.92%;--awb-spacing-left-medium:1.92%;--awb-width-small:100%;--awb-order-small:0;--awb-spacing-right-small:1.92%;--awb-spacing-left-small:1.92%;\" data-scroll-devices=\"small-visibility,medium-visibility,large-visibility\"><div class=\"fusion-column-wrapper fusion-column-has-shadow fusion-flex-justify-content-flex-start fusion-content-layout-column\"><div class=\"fusion-title title fusion-title-4 fusion-sep-none fusion-title-center fusion-title-text fusion-title-size-two\" style=\"--awb-font-size:36px;\"><h2 class=\"fusion-title-heading title-heading-center\" style=\"margin:0;font-size:1em;\">AVANTATGES DEL NOSTRE DISSENY WEB EN WORDPRESS A BARCELONA<\/h2><\/div><div class=\"fusion-text fusion-text-3\" style=\"--awb-content-alignment:center;--awb-font-size:30px;\"><p>QUINS S\u00d3N ELS BENEFICIS DE FER UNA P\u00c0GINA WEB EN WORDPRESS?<\/p>\n<\/div><div class=\"fusion-separator fusion-full-width-sep\" style=\"align-self: center;margin-left: auto;margin-right: auto;margin-bottom:20px;width:100%;\"><\/div><\/div><\/div><div class=\"fusion-layout-column fusion_builder_column fusion-builder-column-4 fusion_builder_column_1_3 1_3 fusion-flex-column\" style=\"--awb-padding-top:20px;--awb-padding-right:20px;--awb-padding-bottom:20px;--awb-padding-left:20px;--awb-bg-color:rgba(255,255,255,0.87);--awb-bg-color-hover:rgba(255,255,255,0.87);--awb-bg-size:cover;--awb-width-large:33.333333333333%;--awb-margin-top-large:0px;--awb-spacing-right-large:5.76%;--awb-margin-bottom-large:20px;--awb-spacing-left-large:5.76%;--awb-width-medium:33.333333333333%;--awb-order-medium:0;--awb-spacing-right-medium:5.76%;--awb-spacing-left-medium:5.76%;--awb-width-small:100%;--awb-order-small:0;--awb-spacing-right-small:1.92%;--awb-spacing-left-small:1.92%;\" data-scroll-devices=\"small-visibility,medium-visibility,large-visibility\"><div class=\"fusion-column-wrapper fusion-column-has-shadow fusion-flex-justify-content-flex-start fusion-content-layout-column\"><div class=\"fusion-title title fusion-title-5 fusion-sep-none fusion-title-center fusion-title-text fusion-title-size-four\"><h4 class=\"fusion-title-heading title-heading-center\" style=\"margin:0;\">WordPress \u00e9s f\u00e0cil d&#8217;usar<\/h4><\/div><div class=\"fusion-text fusion-text-4\" style=\"--awb-content-alignment:center;\"><p><a href=\"https:\/\/wordpress.org\/\" target=\"_blank\" rel=\"noopener noreferrer\">WordPress<\/a> \u00e9s una plataforma f\u00e0cil d&#8217;usar, per la qual cosa gestionar una p\u00e0gina web \u00e9s molt senzill ja siguin <a href=\"https:\/\/www.eduweb.es\/ca-ES\/webs-per-petites-empreses-barcelona\/\">petites empreses<\/a> , <a href=\"https:\/\/www.eduweb.es\/ca-ES\/webs-per-a-noves-empreses-startups\/\">noves empreses o startups<\/a>, etc. La seva senzillesa et permet passar m\u00e9s temps centrat en el contingut del teu <a href=\"https:\/\/www.eduweb.es\/ca-ES\/disseny-de-pagines-web-barcelona\/\">web<\/a>,\u00a0<a href=\"https:\/\/www.eduweb.es\/ca-ES\/creacio-de-blogs-corporatius\/\">blog<\/a> o <a href=\"https:\/\/www.eduweb.es\/ca-ES\/marketing-reds-socials\/\">gestionar les teves reds socials<\/a> en lloc de preocupar-te de la programaci\u00f3.<\/p>\n<\/div><\/div><\/div><div class=\"fusion-layout-column fusion_builder_column fusion-builder-column-5 fusion_builder_column_1_3 1_3 fusion-flex-column\" style=\"--awb-padding-top:4%;--awb-padding-right:4%;--awb-padding-bottom:4%;--awb-padding-left:4%;--awb-bg-color:rgba(255,255,255,0.87);--awb-bg-color-hover:rgba(255,255,255,0.87);--awb-bg-size:cover;--awb-width-large:33.333333333333%;--awb-margin-top-large:0px;--awb-spacing-right-large:5.76%;--awb-margin-bottom-large:20px;--awb-spacing-left-large:5.76%;--awb-width-medium:33.333333333333%;--awb-spacing-right-medium:5.76%;--awb-spacing-left-medium:5.76%;--awb-width-small:100%;--awb-spacing-right-small:1.92%;--awb-spacing-left-small:1.92%;\"><div class=\"fusion-column-wrapper fusion-column-has-shadow fusion-flex-justify-content-flex-start fusion-content-layout-column\"><div class=\"fusion-title title fusion-title-6 fusion-sep-none fusion-title-center fusion-title-text fusion-title-size-four\"><h4 class=\"fusion-title-heading title-heading-center\" style=\"margin:0;\">WordPress es pot personalitzar<\/h4><\/div><div class=\"fusion-text fusion-text-5\" style=\"--awb-content-alignment:center;\"><p><strong>Eduweb<\/strong> treballar\u00e0 amb tu per a crear un disseny personalitzat que s&#8217;adapti a l&#8217;estil i ess\u00e8ncia de la teva marca, que sigui atractiu i que\u00a0 s&#8217;adapti a un mercat en concret i permeti captar nous clients.<\/p>\n<\/div><\/div><\/div><div class=\"fusion-layout-column fusion_builder_column fusion-builder-column-6 fusion_builder_column_1_3 1_3 fusion-flex-column\" style=\"--awb-padding-top:4%;--awb-padding-right:4%;--awb-padding-bottom:4%;--awb-padding-left:4%;--awb-bg-color:rgba(255,255,255,0.87);--awb-bg-color-hover:rgba(255,255,255,0.87);--awb-bg-size:cover;--awb-width-large:33.333333333333%;--awb-margin-top-large:0px;--awb-spacing-right-large:5.76%;--awb-margin-bottom-large:20px;--awb-spacing-left-large:5.76%;--awb-width-medium:33.333333333333%;--awb-spacing-right-medium:5.76%;--awb-spacing-left-medium:5.76%;--awb-width-small:100%;--awb-spacing-right-small:1.92%;--awb-spacing-left-small:1.92%;\"><div class=\"fusion-column-wrapper fusion-column-has-shadow fusion-flex-justify-content-flex-start fusion-content-layout-column\"><div class=\"fusion-title title fusion-title-7 fusion-sep-none fusion-title-center fusion-title-text fusion-title-size-four\"><h4 class=\"fusion-title-heading title-heading-center\" style=\"margin:0;\">WordPress es bo per a SEO<\/h4><\/div><div class=\"fusion-text fusion-text-6\" style=\"--awb-content-alignment:center;\"><p>El codi utilitzat en WordPress \u00e9s senzill i consistent,\u00a0 perqu\u00e8 els cercadors siguin capa\u00e7os de llegir i indexar f\u00e0cilment qualsevol contingut que afegeixis al teu web, generant aix\u00ed m\u00e9s tr\u00e0nsit rellevant,\u00a0 m\u00e9s visites i ajudi\u00a0 per a <a href=\"https:\/\/www.eduweb.es\/ca-ES\/seo-posicionamient-a-buscadors\/\">posicionar-se en les primeres posicions de\u00a0google<\/a>\u00a0per sobre de la teva compet\u00e8ncia.<\/p>\n<\/div><\/div><\/div><div class=\"fusion-layout-column fusion_builder_column fusion-builder-column-7 fusion_builder_column_1_2 1_2 fusion-flex-column\" style=\"--awb-padding-top:4%;--awb-padding-right:4%;--awb-padding-bottom:4%;--awb-padding-left:4%;--awb-bg-color:rgba(255,255,255,0.87);--awb-bg-color-hover:rgba(255,255,255,0.87);--awb-bg-size:cover;--awb-width-large:50%;--awb-margin-top-large:0px;--awb-spacing-right-large:3.84%;--awb-margin-bottom-large:20px;--awb-spacing-left-large:3.84%;--awb-width-medium:50%;--awb-spacing-right-medium:3.84%;--awb-spacing-left-medium:3.84%;--awb-width-small:100%;--awb-spacing-right-small:1.92%;--awb-spacing-left-small:1.92%;\"><div class=\"fusion-column-wrapper fusion-column-has-shadow fusion-flex-justify-content-flex-start fusion-content-layout-column\"><div class=\"fusion-title title fusion-title-8 fusion-sep-none fusion-title-center fusion-title-text fusion-title-size-four\"><h4 class=\"fusion-title-heading title-heading-center\" style=\"margin:0;\">WordPress augmenta la reputaci\u00f3 de marca<\/h4><\/div><div class=\"fusion-text fusion-text-7\" style=\"--awb-content-alignment:center;\"><p><strong>WordPress<\/strong>\u00a0et permet compartir la teva opini\u00f3 i crear contingut atractiu que construir\u00e0 una reputaci\u00f3 de la teva marca que veuran els teus clients potencials. \u00a0La creaci\u00f3 i el manteniment de la teva posici\u00f3 com a membre actiu del teu sector generar\u00e0 atracci\u00f3 cap a la teva p\u00e0gina web i augmentar\u00e0 el coneixement cap a la teva marca.<\/p>\n<\/div><\/div><\/div><div class=\"fusion-layout-column fusion_builder_column fusion-builder-column-8 fusion_builder_column_1_2 1_2 fusion-flex-column\" style=\"--awb-padding-top:4%;--awb-padding-right:4%;--awb-padding-bottom:4%;--awb-padding-left:4%;--awb-bg-color:rgba(255,255,255,0.87);--awb-bg-color-hover:rgba(255,255,255,0.87);--awb-bg-size:cover;--awb-width-large:50%;--awb-margin-top-large:0px;--awb-spacing-right-large:3.84%;--awb-margin-bottom-large:20px;--awb-spacing-left-large:3.84%;--awb-width-medium:50%;--awb-spacing-right-medium:3.84%;--awb-spacing-left-medium:3.84%;--awb-width-small:100%;--awb-spacing-right-small:1.92%;--awb-spacing-left-small:1.92%;\"><div class=\"fusion-column-wrapper fusion-column-has-shadow fusion-flex-justify-content-flex-start fusion-content-layout-column\"><div class=\"fusion-title title fusion-title-9 fusion-sep-none fusion-title-center fusion-title-text fusion-title-size-four\"><h4 class=\"fusion-title-heading title-heading-center\" style=\"margin:0;\">WordPress permet disseny responsive<\/h4><\/div><div class=\"fusion-text fusion-text-8\" style=\"--awb-content-alignment:center;\"><p>Tenir una <strong>p\u00e0gina web<\/strong> que estigui <a href=\"https:\/\/www.eduweb.es\/ca-ES\/disseny-web-responsive\/\">optimitzada per a dispositius m\u00f2bil<\/a>s \u00e9s essencial des del punt de vista del m\u00e0rqueting digital<a href=\"https:\/\/www.eduweb.es\/ca-ES\/marketing-digital-barcelona\/\">Marketing digital<\/a>. <strong>WordPress<\/strong> t\u00e9 un disseny de resposta autom\u00e0tica (responsive) que personalitza la teva p\u00e0gina web per a adaptar-se a la pantalla de qualsevol dispositiu , fet m\u00e9s f\u00e0cil navegar\u00a0 i ajudant alhora a posicionar a google.<\/p>\n<\/div><\/div><\/div><\/div><\/div><\/p>\n","protected":false},"excerpt":{"rendered":"","protected":false},"author":1,"featured_media":0,"parent":0,"menu_order":0,"comment_status":"open","ping_status":"open","template":"100-width.php","meta":{"footnotes":""},"class_list":["post-12225","page","type-page","status-publish","hentry"],"_links":{"self":[{"href":"https:\/\/www.eduweb.es\/ca-ES\/wp-json\/wp\/v2\/pages\/12225","targetHints":{"allow":["GET"]}}],"collection":[{"href":"https:\/\/www.eduweb.es\/ca-ES\/wp-json\/wp\/v2\/pages"}],"about":[{"href":"https:\/\/www.eduweb.es\/ca-ES\/wp-json\/wp\/v2\/types\/page"}],"author":[{"embeddable":true,"href":"https:\/\/www.eduweb.es\/ca-ES\/wp-json\/wp\/v2\/users\/1"}],"replies":[{"embeddable":true,"href":"https:\/\/www.eduweb.es\/ca-ES\/wp-json\/wp\/v2\/comments?post=12225"}],"version-history":[{"count":25,"href":"https:\/\/www.eduweb.es\/ca-ES\/wp-json\/wp\/v2\/pages\/12225\/revisions"}],"predecessor-version":[{"id":19851,"href":"https:\/\/www.eduweb.es\/ca-ES\/wp-json\/wp\/v2\/pages\/12225\/revisions\/19851"}],"wp:attachment":[{"href":"https:\/\/www.eduweb.es\/ca-ES\/wp-json\/wp\/v2\/media?parent=12225"}],"curies":[{"name":"wp","href":"https:\/\/api.w.org\/{rel}","templated":true}]}}