{"id":12201,"date":"2016-02-25T12:12:23","date_gmt":"2016-02-25T12:12:23","guid":{"rendered":"http:\/\/eduweb.es?page_id=12201"},"modified":"2023-09-28T09:35:51","modified_gmt":"2023-09-28T07:35:51","slug":"creacio-de-blogs-corporatius","status":"publish","type":"page","link":"https:\/\/www.eduweb.es\/ca-ES\/creacio-de-blogs-corporatius\/","title":{"rendered":"Creaci\u00f3 de Blogs Corporatius"},"content":{"rendered":"<p><div class=\"fusion-fullwidth fullwidth-box fusion-builder-row-1 fusion-flex-container has-pattern-background has-mask-background nonhundred-percent-fullwidth non-hundred-percent-height-scrolling\" style=\"--awb-background-position:left top;--awb-border-sizes-top:0px;--awb-border-sizes-bottom:0px;--awb-border-sizes-left:0px;--awb-border-sizes-right:0px;--awb-border-radius-top-left:0px;--awb-border-radius-top-right:0px;--awb-border-radius-bottom-right:0px;--awb-border-radius-bottom-left:0px;--awb-padding-top:20px;--awb-padding-bottom:54px;--awb-margin-top:48px;--awb-flex-wrap:wrap;\" ><div class=\"fusion-builder-row fusion-row fusion-flex-align-items-center fusion-flex-content-wrap\" style=\"max-width:1248px;margin-left: calc(-4% \/ 2 );margin-right: calc(-4% \/ 2 );\"><div class=\"fusion-layout-column fusion_builder_column fusion-builder-column-0 fusion_builder_column_2_5 2_5 fusion-flex-column\" style=\"--awb-bg-blend:overlay;--awb-bg-size:cover;--awb-width-large:40%;--awb-margin-top-large:0px;--awb-spacing-right-large:3.84%;--awb-margin-bottom-large:20px;--awb-spacing-left-large:4.8%;--awb-width-medium:40%;--awb-order-medium:0;--awb-spacing-right-medium:3.84%;--awb-spacing-left-medium:4.8%;--awb-width-small:100%;--awb-order-small:0;--awb-spacing-right-small:1.92%;--awb-spacing-left-small:1.92%;\" data-scroll-devices=\"small-visibility,medium-visibility,large-visibility\"><div class=\"fusion-column-wrapper fusion-column-has-shadow fusion-flex-justify-content-center fusion-content-layout-column\"><i class=\"fb-icon-element-1 fb-icon-element fontawesome-icon fa-blog fas circle-yes\" style=\"--awb-circlebordersize:1px;--awb-font-size:140.8px;--awb-width:281.6px;--awb-height:281.6px;--awb-line-height:279.6px;--awb-margin-top:0;--awb-margin-right:0;--awb-margin-bottom:0;--awb-margin-left:0;--awb-align-self:center;\"><\/i><\/div><\/div><div class=\"fusion-layout-column fusion_builder_column fusion-builder-column-1 fusion_builder_column_3_5 3_5 fusion-flex-column\" style=\"--awb-bg-blend:overlay;--awb-bg-size:cover;--awb-width-large:60%;--awb-margin-top-large:0px;--awb-spacing-right-large:3.2%;--awb-margin-bottom-large:20px;--awb-spacing-left-large:3.84%;--awb-width-medium:60%;--awb-spacing-right-medium:3.2%;--awb-spacing-left-medium:3.84%;--awb-width-small:100%;--awb-spacing-right-small:1.92%;--awb-spacing-left-small:1.92%;\"><div class=\"fusion-column-wrapper fusion-flex-justify-content-flex-start fusion-content-layout-column\"><div class=\"fusion-title title fusion-title-1 fusion-sep-none fusion-title-text fusion-title-size-three\"><h3 class=\"fusion-title-heading title-heading-left\" style=\"margin:0;\">Blogs per a empreses i professionals<\/h3><\/div><div class=\"fusion-text fusion-text-1\"><p>Els blogs ofereixen molts beneficis, la interacci\u00f3 amb els clients, millora en la posici\u00f3 en cercadors, sensaci\u00f3 d&#8217;empresa din\u00e0mica i amb experi\u00e8ncia, dirigeix l&#8217;atenci\u00f3 de manera natural cap a productes, promocions, etc..<\/p>\n<ul>\n<li>L&#8217;\u00e0nima de les p\u00e0gines web i de la interacci\u00f3 social s\u00f3n els blogs.<\/li>\n<li>Un blog corporatiu et permeten acostar-te d&#8217;una manera m\u00e9s personal i pr\u00f2xima als teus lectors. Posar cara a la teva empresa <\/li>\n<li>En un blog hi ha di\u00e0legs i es construeixen per a encoratjar-los. La gent aprecia menys els mon\u00f2legs.<\/li>\n<li>El retorn de la inversi\u00f3 en un blog \u00e9s alt. \u00c9s una forma rendible de comunicaci\u00f3.<\/li>\n<li>S\u00f3n una font perfecta per a compartir en xarxes socials i incloure en l&#8217;estrat\u00e8gia de m\u00e0rqueting en l\u00ednia.<\/li>\n<\/ul>\n<\/div><div class=\"fusion-separator fusion-full-width-sep\" style=\"align-self: center;margin-left: auto;margin-right: auto;margin-top:5px;margin-bottom:5px;width:100%;\"><\/div><div ><a class=\"fusion-button button-flat fusion-button-default-size button-default fusion-button-default button-1 fusion-button-default-span fusion-button-default-type\" style=\"--button-border-radius-top-left:6px;--button-border-radius-top-right:6px;--button-border-radius-bottom-right:6px;--button-border-radius-bottom-left:6px;\" target=\"_self\" href=\"https:\/\/www.eduweb.es\/ca-ES\/contacte\/\"><span class=\"fusion-button-text awb-button__text awb-button__text--default\">PARLEM ?<\/span><\/a><\/div><\/div><\/div><\/div><\/div><div class=\"fusion-fullwidth fullwidth-box fusion-builder-row-2 fusion-flex-container has-pattern-background has-mask-background nonhundred-percent-fullwidth non-hundred-percent-height-scrolling\" style=\"--awb-background-position:left top;--awb-border-sizes-top:0px;--awb-border-sizes-bottom:0px;--awb-border-sizes-left:0px;--awb-border-sizes-right:0px;--awb-border-color:#27485b;--awb-border-radius-top-left:0px;--awb-border-radius-top-right:0px;--awb-border-radius-bottom-right:0px;--awb-border-radius-bottom-left:0px;--awb-padding-top:30px;--awb-padding-bottom:35px;--awb-background-color:var(--awb-custom_color_3);--awb-flex-wrap:wrap;\" ><div class=\"fusion-builder-row fusion-row fusion-flex-align-items-flex-start fusion-flex-content-wrap\" style=\"max-width:1248px;margin-left: calc(-4% \/ 2 );margin-right: calc(-4% \/ 2 );\"><div class=\"fusion-layout-column fusion_builder_column fusion-builder-column-2 fusion_builder_column_1_1 1_1 fusion-flex-column fusion-flex-align-self-flex-start fusion-column-no-min-height\" style=\"--awb-bg-blend:overlay;--awb-bg-size:cover;--awb-width-large:100%;--awb-margin-top-large:0px;--awb-spacing-right-large:1.92%;--awb-margin-bottom-large:0px;--awb-spacing-left-large:1.92%;--awb-width-medium:100%;--awb-spacing-right-medium:1.92%;--awb-spacing-left-medium:1.92%;--awb-width-small:100%;--awb-spacing-right-small:1.92%;--awb-spacing-left-small:1.92%;\"><div class=\"fusion-column-wrapper fusion-flex-justify-content-flex-start fusion-content-layout-column\"><div class=\"fusion-title title fusion-title-2 fusion-sep-none fusion-title-center fusion-title-text fusion-title-size-one\" style=\"--awb-text-color:#ffffff;--awb-font-size:35px;\"><h1 class=\"fusion-title-heading title-heading-center\" style=\"margin:0;font-size:1em;\">Estrat\u00e8gia per a un Blog: Condueix tr\u00e0nsit a la teva p\u00e0gina web<\/h1><\/div><div class=\"fusion-text fusion-text-2\" style=\"--awb-content-alignment:center;--awb-text-color:var(--awb-color1);\"><p>Un blog \u00e9s un espai lliure del teu web que et permet interactuar amb els teus visitants. Permet a clients potencials familiaritzar-se naturalment amb la imatge d&#8217;una empresa en relaci\u00f3 amb el seu sector. Si es renoven continguts i hi ha una producci\u00f3 regular no sols mostrar\u00e0s que ets un l\u00edder d&#8217;opini\u00f3 en el teu sector, sin\u00f3 que les nombroses visites augmentaran el r\u00e0nquing del teu web en els cercadors, amb els beneficis l\u00f2gics que aix\u00f2 implica.<\/p>\n<\/div><\/div><\/div><\/div><\/div><div class=\"fusion-fullwidth fullwidth-box fusion-builder-row-3 fusion-flex-container hundred-percent-fullwidth non-hundred-percent-height-scrolling\" style=\"--awb-border-radius-top-left:0px;--awb-border-radius-top-right:0px;--awb-border-radius-bottom-right:0px;--awb-border-radius-bottom-left:0px;--awb-overflow:visible;--awb-padding-right:20px;--awb-padding-left:20px;--awb-flex-wrap:wrap;\" ><div class=\"fusion-builder-row fusion-row fusion-flex-align-items-flex-start fusion-flex-content-wrap\" style=\"width:104% !important;max-width:104% !important;margin-left: calc(-4% \/ 2 );margin-right: calc(-4% \/ 2 );\"><div class=\"fusion-layout-column fusion_builder_column fusion-builder-column-3 fusion_builder_column_1_1 1_1 fusion-flex-column fusion-flex-align-self-flex-start fusion-column-no-min-height\" style=\"--awb-bg-blend:overlay;--awb-bg-size:cover;--awb-width-large:100%;--awb-margin-top-large:0px;--awb-spacing-right-large:1.92%;--awb-margin-bottom-large:0px;--awb-spacing-left-large:1.92%;--awb-width-medium:100%;--awb-spacing-right-medium:1.92%;--awb-spacing-left-medium:1.92%;--awb-width-small:100%;--awb-spacing-right-small:1.92%;--awb-spacing-left-small:1.92%;\"><div class=\"fusion-column-wrapper fusion-flex-justify-content-flex-start fusion-content-layout-column\"><div class=\"fusion-section-separator section-separator triangle fusion-section-separator-1\" style=\"--awb-border-bottom:1px solid var(--awb-custom_color_3);--awb-spacer-height:1px;--awb-svg-margin-left:1.92%;--awb-svg-margin-right:1.92%;--awb-svg-margin-left-medium:1.92%;--awb-svg-margin-right-medium:1.92%;--awb-svg-margin-left-small:1.92%;--awb-svg-margin-right-small:1.92%;--awb-icon-color:var(--awb-custom_color_5);\"><div class=\"fusion-section-separator-svg\"><div class=\"divider-candy-arrow bottom\" style=\"top:0px;border-top-color: var(--awb-custom_color_3);\"><\/div><div class=\"divider-candy bottom\" style=\"bottom:-21px;border-bottom:1px solid var(--awb-custom_color_3);border-left:1px solid var(--awb-custom_color_3);\"><\/div><\/div><div class=\"fusion-section-separator-spacer\"><div class=\"fusion-section-separator-spacer-height\"><\/div><\/div><\/div><\/div><\/div><\/div><\/div><div class=\"fusion-fullwidth fullwidth-box fusion-builder-row-4 fusion-flex-container has-pattern-background has-mask-background nonhundred-percent-fullwidth non-hundred-percent-height-scrolling\" style=\"--awb-background-position:right top;--awb-border-radius-top-left:0px;--awb-border-radius-top-right:0px;--awb-border-radius-bottom-right:0px;--awb-border-radius-bottom-left:0px;--awb-padding-top:90px;--awb-padding-bottom:60px;--awb-flex-wrap:wrap;\" ><div class=\"fusion-builder-row fusion-row fusion-flex-align-items-flex-start fusion-flex-content-wrap\" style=\"max-width:1248px;margin-left: calc(-4% \/ 2 );margin-right: calc(-4% \/ 2 );\"><div class=\"fusion-layout-column fusion_builder_column fusion-builder-column-4 fusion_builder_column_1_2 1_2 fusion-flex-column\" style=\"--awb-bg-blend:overlay;--awb-bg-size:cover;--awb-width-large:50%;--awb-margin-top-large:0px;--awb-spacing-right-large:3.84%;--awb-margin-bottom-large:20px;--awb-spacing-left-large:3.84%;--awb-width-medium:50%;--awb-spacing-right-medium:3.84%;--awb-spacing-left-medium:3.84%;--awb-width-small:100%;--awb-spacing-right-small:1.92%;--awb-spacing-left-small:1.92%;\"><div class=\"fusion-column-wrapper fusion-flex-justify-content-flex-start fusion-content-layout-column\"><div class=\"fusion-text fusion-text-3\"><h3>Introdueix el teu negoci en el m\u00f3n<\/h3>\n<p>Probablement hi ha milions de persones que no coneixen la teva empresa tret que siguis una de la 500 companyies mes importants del m\u00f3n. Un blog d&#8217;empresa \u00e9s un vehicle excel\u00b7lent per a presentar-te. Parla sobre els teus productes i serveis i explica que et distingeix de la compet\u00e8ncia. Per\u00f2 no ho facis des d&#8217;un punt de vista excessivament comercial. \u00c9s essencial que un blog sigui informatiu i ofereixi al lector el que ell o ella vol. Si ofereixes als teus visitants la informaci\u00f3 que estan buscant, probablement considera a la teva empresa com un dels l\u00edders del teu sector. <em>Un exemple, busco en internet com fer un nus de corbata i llegeixo una articulo en el blog de de la revista FHM. Despr\u00e9s de llegir una mica m\u00e9s dels seus articles, naturalment vaig comen\u00e7ar a comprar aquesta revista. Sense m\u00e0rqueting de pagament per clic, em vaig fer un consumidor que confia en el que ofereix la revista. Despr\u00e9s vaig enviar aquest link als meus amics i col\u00b7legues (imagina l&#8217;expansi\u00f3). <\/em>El blog pot ser una de les manera m\u00e9s f\u00e0cils de crear reconeixement i lleialtat a la marca i per conseq\u00fc\u00e8ncia generar vendes.<\/p>\n<h3>Fes que et considerin un expert<\/h3>\n<p>Si tens o iniciar\u00e0s un negoci, probablement reunir\u00e0s una gran quantitat de coneixements sobre ell. Un blog et dona l&#8217;oportunitat de demostrar aquests coneixements. D&#8217;aquesta manera, generes als teus visitants confian\u00e7a en les teves capacitats i probablement els converteixes en clients. Tamb\u00e9 pots parlar del teu sector, resumir les \u00faltimes not\u00edcies i sense por por, enlla\u00e7ar als articles pertinents. Encara que els envi\u00efs fos de la teva p\u00e0gina web, els visitants no oblidaran el servei que els has prestat<\/p>\n<h3>Dona-li personalitat a la teva empresa<\/h3>\n<p>Les empreses poden ser mon\u00f2lits. Un blog \u00e9s una eina excel\u00b7lent per a posar un rostre hum\u00e0 al teu negoci. Apassionats articles de treballadors fan una empresa m\u00e9s entusiasta i accessible; que parlin de la cultura d&#8217;empresa generen una sensaci\u00f3 de proximitat i transpar\u00e8ncia. Com en el &#8220;m\u00f3n real&#8221;, la gent fa negocis amb les persones amb les quals se senten c\u00f2modes.<\/p>\n<\/div><\/div><\/div><div class=\"fusion-layout-column fusion_builder_column fusion-builder-column-5 fusion_builder_column_1_2 1_2 fusion-flex-column\" style=\"--awb-bg-blend:overlay;--awb-bg-size:cover;--awb-width-large:50%;--awb-margin-top-large:0px;--awb-spacing-right-large:3.84%;--awb-margin-bottom-large:20px;--awb-spacing-left-large:3.84%;--awb-width-medium:50%;--awb-spacing-right-medium:3.84%;--awb-spacing-left-medium:3.84%;--awb-width-small:100%;--awb-spacing-right-small:1.92%;--awb-spacing-left-small:1.92%;\"><div class=\"fusion-column-wrapper fusion-flex-justify-content-flex-start fusion-content-layout-column\"><div class=\"fusion-text fusion-text-4\"><h3>Coneix al teu lector<\/h3>\n<p>La campanyes de m\u00e0rqueting amb \u00e8xit estan centrades en el client. Prova continguts en el blog per a esbrinar el que interessa als teus lectors. Els articles amb m\u00e9s clics d&#8217;obertura i m\u00e9s temps de lectura et permetran afinar el contingut del blog i el m\u00e9s important, quins serveis oferir. Sovint, les empreses troben que els seus lectors pertanyen a un subgrup espec\u00edfic (i a vegades inesperat). Parlar sobre temes relacionats per a aquest subgrup pot ser efica\u00e7; no cal tenir por de provar amb articles arriscats. Estira sense por el que es considera &#8220;relacionat amb&#8221; amb la finalitat d&#8217;augmentar la cobertura i abast del teu blog a nous lectors.<\/p>\n<h3>Millora el teu r\u00e0nquing en cercadors<\/h3>\n<p>Als cercadors normalment els agraden les mateixes coses que als usuaris d&#8217;internet. Hi ha diverses maneres en les quals un blog que est\u00e0 dins de la teva p\u00e0gina web pot ajudar a millorar la teva posici\u00f3 en els cercadors:<\/p>\n<ul>\n<li>Generar contingut fresc: els cercadors presten m\u00e9s atenci\u00f3 a les p\u00e0gines web que actualitzen el seu contingut amb m\u00e9s freq\u00fc\u00e8ncia i de manera regular. <em>(Google considera un article &#8220;actualitzat&#8221; si s&#8217;afegeixen o canvien 300 paraules.)<\/em><\/li>\n<li>Tenir contingut rellevant: el contingut m\u00e9s buscat i m\u00e9s consultat en la teva p\u00e0gina web \u00e9s percebut com a rellevant per als cercadors i millora el posicionament<\/li>\n<li>Compartir contingut: un factor important per al r\u00e0nquing en cercadors \u00e9s quantes p\u00e0gines web rellevants estan enlla\u00e7ant el teu contingut. Intenta generar continguts prou bons com perqu\u00e8 uns altres puguin enlla\u00e7ar-los<\/li>\n<\/ul>\n<\/div><\/div><\/div><\/div><\/div><\/p>\n","protected":false},"excerpt":{"rendered":"","protected":false},"author":1,"featured_media":0,"parent":0,"menu_order":0,"comment_status":"open","ping_status":"open","template":"100-width.php","meta":{"footnotes":""},"class_list":["post-12201","page","type-page","status-publish","hentry"],"_links":{"self":[{"href":"https:\/\/www.eduweb.es\/ca-ES\/wp-json\/wp\/v2\/pages\/12201","targetHints":{"allow":["GET"]}}],"collection":[{"href":"https:\/\/www.eduweb.es\/ca-ES\/wp-json\/wp\/v2\/pages"}],"about":[{"href":"https:\/\/www.eduweb.es\/ca-ES\/wp-json\/wp\/v2\/types\/page"}],"author":[{"embeddable":true,"href":"https:\/\/www.eduweb.es\/ca-ES\/wp-json\/wp\/v2\/users\/1"}],"replies":[{"embeddable":true,"href":"https:\/\/www.eduweb.es\/ca-ES\/wp-json\/wp\/v2\/comments?post=12201"}],"version-history":[{"count":5,"href":"https:\/\/www.eduweb.es\/ca-ES\/wp-json\/wp\/v2\/pages\/12201\/revisions"}],"predecessor-version":[{"id":19911,"href":"https:\/\/www.eduweb.es\/ca-ES\/wp-json\/wp\/v2\/pages\/12201\/revisions\/19911"}],"wp:attachment":[{"href":"https:\/\/www.eduweb.es\/ca-ES\/wp-json\/wp\/v2\/media?parent=12201"}],"curies":[{"name":"wp","href":"https:\/\/api.w.org\/{rel}","templated":true}]}}