{"id":12163,"date":"2016-02-24T16:40:07","date_gmt":"2016-02-24T15:40:07","guid":{"rendered":"http:\/\/eduweb.es?page_id=12163"},"modified":"2023-09-27T16:25:30","modified_gmt":"2023-09-27T14:25:30","slug":"seo-posicionament-a-cercadors","status":"publish","type":"page","link":"https:\/\/www.eduweb.es\/ca-ES\/seo-posicionament-a-cercadors\/","title":{"rendered":"SEO &#8211; Posicionament a Cercadors"},"content":{"rendered":"<p><div class=\"fusion-fullwidth fullwidth-box fusion-builder-row-1 fusion-flex-container has-pattern-background has-mask-background nonhundred-percent-fullwidth non-hundred-percent-height-scrolling\" style=\"--awb-background-position:left top;--awb-border-sizes-top:0px;--awb-border-sizes-bottom:0px;--awb-border-sizes-left:0px;--awb-border-sizes-right:0px;--awb-border-radius-top-left:0px;--awb-border-radius-top-right:0px;--awb-border-radius-bottom-right:0px;--awb-border-radius-bottom-left:0px;--awb-padding-top:40px;--awb-padding-bottom:20px;--awb-flex-wrap:wrap;\" ><div class=\"fusion-builder-row fusion-row fusion-flex-align-items-center fusion-flex-content-wrap\" style=\"max-width:1248px;margin-left: calc(-4% \/ 2 );margin-right: calc(-4% \/ 2 );\"><div class=\"fusion-layout-column fusion_builder_column fusion-builder-column-0 fusion_builder_column_2_5 2_5 fusion-flex-column\" style=\"--awb-bg-size:cover;--awb-width-large:40%;--awb-margin-top-large:0px;--awb-spacing-right-large:3.84%;--awb-margin-bottom-large:20px;--awb-spacing-left-large:4.8%;--awb-width-medium:40%;--awb-order-medium:0;--awb-spacing-right-medium:3.84%;--awb-spacing-left-medium:4.8%;--awb-width-small:100%;--awb-order-small:0;--awb-spacing-right-small:1.92%;--awb-spacing-left-small:1.92%;\" data-scroll-devices=\"small-visibility,medium-visibility,large-visibility\"><div class=\"fusion-column-wrapper fusion-column-has-shadow fusion-flex-justify-content-center fusion-content-layout-column\"><i class=\"fb-icon-element-1 fb-icon-element fontawesome-icon fa-google fab circle-yes\" style=\"--awb-circlebordersize:1px;--awb-font-size:193.6px;--awb-width:387.2px;--awb-height:387.2px;--awb-line-height:385.2px;--awb-margin-top:0;--awb-margin-right:0;--awb-margin-bottom:0;--awb-margin-left:0;--awb-align-self:center;\"><\/i><\/div><\/div><div class=\"fusion-layout-column fusion_builder_column fusion-builder-column-1 fusion_builder_column_3_5 3_5 fusion-flex-column\" style=\"--awb-bg-size:cover;--awb-width-large:60%;--awb-margin-top-large:0px;--awb-spacing-right-large:3.2%;--awb-margin-bottom-large:20px;--awb-spacing-left-large:3.84%;--awb-width-medium:60%;--awb-spacing-right-medium:3.2%;--awb-spacing-left-medium:3.84%;--awb-width-small:100%;--awb-spacing-right-small:1.92%;--awb-spacing-left-small:1.92%;\"><div class=\"fusion-column-wrapper fusion-flex-justify-content-flex-start fusion-content-layout-column\"><div class=\"fusion-title title fusion-title-1 fusion-sep-none fusion-title-text fusion-title-size-three\"><h3 class=\"fusion-title-heading title-heading-left\" style=\"margin:0;\">SEO &#8211; Posicionament a Cercadors<\/h3><\/div><div class=\"fusion-text fusion-text-1\"><p>Dirigeix el tr\u00e0nsit al teu web aconseguint les primeres posicions en cercadors per a les paraules claus m\u00e9s valuoses<\/p>\n<ul>\n<li>Investiguem quines paraules clau que serviran per a trobar el teu web i construir un projecte que porti a l&#8217;\u00e8xit.<\/li>\n<li>L&#8217;arquitectura de la web i el contingut s&#8217;optimitzen per a millorar el r\u00e0nquing.<\/li>\n<li>La creaci\u00f3 de p\u00e0gines d&#8217;aterratge (landing pages) i l&#8217;optimitzaci\u00f3 d&#8217;elles es posa en marxa per a cada paraula clau.<\/li>\n<li>Link building i difusi\u00f3 del contingut amb la finalitat de millorar el nostre posicionament en cercadors.<\/li>\n<li>Estad\u00edstiques detallades ajuden a mesurar els resultats obtinguts<\/li>\n<\/ul>\n<\/div><div class=\"fusion-separator fusion-full-width-sep\" style=\"align-self: center;margin-left: auto;margin-right: auto;margin-top:5px;margin-bottom:5px;width:100%;\"><\/div><div ><a class=\"fusion-button button-flat fusion-button-default-size button-default fusion-button-default button-1 fusion-button-default-span fusion-button-default-type\" style=\"--button-border-radius-top-left:6px;--button-border-radius-top-right:6px;--button-border-radius-bottom-right:6px;--button-border-radius-bottom-left:6px;\" target=\"_self\" title=\"presupuesto SEO posicionamiento en buscadores\" aria-label=\"presupuesto SEO posicionamiento en buscadores\" href=\"http:\/\/www.eduweb.es\/contacto\/\"><span class=\"fusion-button-text awb-button__text awb-button__text--default\">PIDENOS UN PRESUPUESTO<\/span><\/a><\/div><\/div><\/div><\/div><\/div><div class=\"fusion-fullwidth fullwidth-box fusion-builder-row-2 fusion-flex-container has-pattern-background has-mask-background nonhundred-percent-fullwidth non-hundred-percent-height-scrolling\" style=\"--awb-background-position:left top;--awb-background-repeat:repeat;--awb-border-sizes-top:0px;--awb-border-sizes-bottom:0px;--awb-border-sizes-left:0px;--awb-border-sizes-right:0px;--awb-border-color:#363636;--awb-border-radius-top-left:0px;--awb-border-radius-top-right:0px;--awb-border-radius-bottom-right:0px;--awb-border-radius-bottom-left:0px;--awb-padding-top:55px;--awb-padding-bottom:60px;--awb-background-color:var(--awb-custom_color_3);--awb-flex-wrap:wrap;\" ><div class=\"fusion-builder-row fusion-row fusion-flex-align-items-flex-start fusion-flex-content-wrap\" style=\"max-width:1248px;margin-left: calc(-4% \/ 2 );margin-right: calc(-4% \/ 2 );\"><div class=\"fusion-layout-column fusion_builder_column fusion-builder-column-2 fusion_builder_column_1_1 1_1 fusion-flex-column fusion-flex-align-self-flex-start fusion-column-no-min-height\" style=\"--awb-bg-blend:overlay;--awb-bg-size:cover;--awb-width-large:100%;--awb-margin-top-large:0px;--awb-spacing-right-large:1.92%;--awb-margin-bottom-large:0px;--awb-spacing-left-large:1.92%;--awb-width-medium:100%;--awb-spacing-right-medium:1.92%;--awb-spacing-left-medium:1.92%;--awb-width-small:100%;--awb-spacing-right-small:1.92%;--awb-spacing-left-small:1.92%;\"><div class=\"fusion-column-wrapper fusion-flex-justify-content-flex-start fusion-content-layout-column\"><div class=\"fusion-title title fusion-title-2 fusion-sep-none fusion-title-center fusion-title-text fusion-title-size-two\" style=\"--awb-text-color:var(--awb-color1);\"><h2 class=\"fusion-title-heading title-heading-center\" style=\"margin:0;\">PROC\u00c9S SEO<\/h2><\/div><div class=\"fusion-text fusion-text-2\" style=\"--awb-content-alignment:center;--awb-font-size:18px;--awb-line-height:22px;--awb-text-color:var(--awb-color4);\"><p>Abans de comen\u00e7ar un projecte d&#8217;optimitzaci\u00f3 de motors de cerca (SEU), \u00e9s important entendre el proc\u00e9s que apliquem a una campanya de SEU perqu\u00e8 sigui efica\u00e7. Per a aix\u00f2, dividim el proc\u00e9s en els 5 passos que es mostren a continuaci\u00f3 i descrivim les activitats involucrades en cadascun d&#8217;aquests passos. El nostre proc\u00e9s SEU de 5 passos garanteix que el teu negoci obtingui el m\u00e0xim profit dels nostres serveis.<\/p>\n<\/div><\/div><\/div><\/div><\/div><div class=\"fusion-fullwidth fullwidth-box fusion-builder-row-3 fusion-flex-container has-pattern-background has-mask-background hundred-percent-fullwidth non-hundred-percent-height-scrolling\" style=\"--awb-border-sizes-top:0px;--awb-border-sizes-bottom:0px;--awb-border-sizes-left:0px;--awb-border-sizes-right:0px;--awb-border-radius-top-left:0px;--awb-border-radius-top-right:0px;--awb-border-radius-bottom-right:0px;--awb-border-radius-bottom-left:0px;--awb-padding-top:0px;--awb-padding-right:20px;--awb-padding-bottom:0px;--awb-padding-left:20px;--awb-flex-wrap:wrap;\" ><div class=\"fusion-builder-row fusion-row fusion-flex-align-items-flex-start fusion-flex-content-wrap\" style=\"width:104% !important;max-width:104% !important;margin-left: calc(-4% \/ 2 );margin-right: calc(-4% \/ 2 );\"><div class=\"fusion-layout-column fusion_builder_column fusion-builder-column-3 fusion_builder_column_1_1 1_1 fusion-flex-column fusion-flex-align-self-flex-start fusion-column-no-min-height\" style=\"--awb-bg-blend:overlay;--awb-bg-size:cover;--awb-width-large:100%;--awb-margin-top-large:0px;--awb-spacing-right-large:1.92%;--awb-margin-bottom-large:0px;--awb-spacing-left-large:1.92%;--awb-width-medium:100%;--awb-spacing-right-medium:1.92%;--awb-spacing-left-medium:1.92%;--awb-width-small:100%;--awb-spacing-right-small:1.92%;--awb-spacing-left-small:1.92%;\"><div class=\"fusion-column-wrapper fusion-flex-justify-content-flex-start fusion-content-layout-column\"><div class=\"fusion-section-separator section-separator triangle fusion-section-separator-1\" style=\"--awb-border-bottom:1px solid var(--awb-custom_color_3);--awb-spacer-height:1px;--awb-svg-margin-left:1.92%;--awb-svg-margin-right:1.92%;--awb-svg-margin-left-medium:1.92%;--awb-svg-margin-right-medium:1.92%;--awb-svg-margin-left-small:1.92%;--awb-svg-margin-right-small:1.92%;--awb-icon-color:var(--awb-custom_color_5);\"><div class=\"fusion-section-separator-svg\"><div class=\"divider-candy-arrow bottom\" style=\"top:0px;border-top-color: var(--awb-custom_color_3);\"><\/div><div class=\"divider-candy bottom\" style=\"bottom:-21px;border-bottom:1px solid var(--awb-custom_color_3);border-left:1px solid var(--awb-custom_color_3);\"><\/div><\/div><div class=\"fusion-section-separator-spacer\"><div class=\"fusion-section-separator-spacer-height\"><\/div><\/div><\/div><\/div><\/div><\/div><\/div><div class=\"fusion-fullwidth fullwidth-box fusion-builder-row-4 fusion-flex-container has-pattern-background has-mask-background nonhundred-percent-fullwidth non-hundred-percent-height-scrolling\" style=\"--awb-background-position:left top;--awb-border-sizes-top:0px;--awb-border-sizes-bottom:0px;--awb-border-sizes-left:0px;--awb-border-sizes-right:0px;--awb-border-radius-top-left:0px;--awb-border-radius-top-right:0px;--awb-border-radius-bottom-right:0px;--awb-border-radius-bottom-left:0px;--awb-margin-top:90px;--awb-flex-wrap:wrap;\" ><div class=\"fusion-builder-row fusion-row fusion-flex-align-items-flex-start fusion-flex-content-wrap\" style=\"max-width:1248px;margin-left: calc(-4% \/ 2 );margin-right: calc(-4% \/ 2 );\"><div class=\"fusion-layout-column fusion_builder_column fusion-builder-column-4 fusion_builder_column_1_1 1_1 fusion-flex-column fusion-flex-align-self-flex-start fusion-column-no-min-height\" style=\"--awb-bg-size:cover;--awb-width-large:100%;--awb-margin-top-large:0px;--awb-spacing-right-large:1.92%;--awb-margin-bottom-large:0px;--awb-spacing-left-large:1.92%;--awb-width-medium:100%;--awb-spacing-right-medium:1.92%;--awb-spacing-left-medium:1.92%;--awb-width-small:100%;--awb-spacing-right-small:1.92%;--awb-spacing-left-small:1.92%;\"><div class=\"fusion-column-wrapper fusion-flex-justify-content-flex-start fusion-content-layout-column\"><div class=\"fusion-tabs fusion-tabs-1 classic nav-is-justified horizontal-tabs icon-position-left mobile-mode-accordion\" style=\"--awb-title-border-radius-top-left:0px;--awb-title-border-radius-top-right:0px;--awb-title-border-radius-bottom-right:0px;--awb-title-border-radius-bottom-left:0px;--awb-alignment:start;--awb-inactive-color:#ebeaea;--awb-title-text-color:var(--awb-custom_color_5);--awb-background-color:#ffffff;--awb-border-color:#d8d8d8;--awb-active-border-color:var(--awb-custom_color_3);\"><div class=\"nav\"><ul class=\"nav-tabs nav-justified\" role=\"tablist\"><li class=\"active\" role=\"presentation\"><a class=\"tab-link\" data-toggle=\"tab\" role=\"tab\" aria-controls=\"tab-ed7eaa8cbef07d987c3\" aria-selected=\"true\" id=\"fusion-tab-fase1\" href=\"#tab-ed7eaa8cbef07d987c3\"><h5 class=\"fusion-tab-heading\">FASE 1<\/h5><\/a><\/li><li role=\"presentation\"><a class=\"tab-link\" data-toggle=\"tab\" role=\"tab\" aria-controls=\"tab-b8496316ddcc9f04eb6\" aria-selected=\"false\" tabindex=\"-1\" id=\"fusion-tab-fase3\" href=\"#tab-b8496316ddcc9f04eb6\"><h5 class=\"fusion-tab-heading\">FASE 3<\/h5><\/a><\/li><li role=\"presentation\"><a class=\"tab-link\" data-toggle=\"tab\" role=\"tab\" aria-controls=\"tab-3a05e85799815e19cfe\" aria-selected=\"false\" tabindex=\"-1\" id=\"fusion-tab-fase4\" href=\"#tab-3a05e85799815e19cfe\"><h5 class=\"fusion-tab-heading\">FASE 4<\/h5><\/a><\/li><li role=\"presentation\"><a class=\"tab-link\" data-toggle=\"tab\" role=\"tab\" aria-controls=\"tab-ff4d8ad54fb40ec61ae\" aria-selected=\"false\" tabindex=\"-1\" id=\"fusion-tab-fase5\" href=\"#tab-ff4d8ad54fb40ec61ae\"><h5 class=\"fusion-tab-heading\">FASE 5<\/h5><\/a><\/li><\/ul><\/div><div class=\"tab-content\"><div class=\"nav fusion-mobile-tab-nav\"><ul class=\"nav-tabs nav-justified\" role=\"tablist\"><li class=\"active\" role=\"presentation\"><a class=\"tab-link\" data-toggle=\"tab\" role=\"tab\" aria-controls=\"tab-ed7eaa8cbef07d987c3\" aria-selected=\"true\" id=\"mobile-fusion-tab-fase1\" href=\"#tab-ed7eaa8cbef07d987c3\"><h5 class=\"fusion-tab-heading\">FASE 1<\/h5><\/a><\/li><\/ul><\/div><div class=\"tab-pane fade fusion-clearfix in active\" role=\"tabpanel\" tabindex=\"0\" aria-labelledby=\"fusion-tab-fase1\" id=\"tab-ed7eaa8cbef07d987c3\">\n<h3 style=\"text-align: center; font-size: 40px !important;\">DESCUBRIMENT<\/h3>\n<h4 style=\"text-align: center; font-size: 20px !important;\">Aprenem sobre el negoci, la p\u00e0gina web i la compet\u00e8ncia del client amb la finalitat de tenir una informaci\u00f3 clara que pugui ser utilitzada en les altres etapes del projecte.<\/h4>\n<h4>Resum del projecte<\/h4>\n<p>Tenir la informaci\u00f3 del negoci, els objectius del client i qualsevol altra informaci\u00f3 necess\u00e0ria per a completar apropiadament el proc\u00e9s de descobriment.<\/p>\n<h4>Investigaci\u00f3 de paraules clau<\/h4>\n<p>Definir possibles paraules clau sobre la base dels objectius de negoci descrits en el <strong>br\u00edfing del projecte<\/strong> i en l&#8217;Auditoria <strong> SEU<\/strong>.<\/p>\n<h4>Auditoria SEO<\/h4>\n<p>Crear base de refer\u00e8ncia per a l&#8217;actual rendiment SEU de la p\u00e0gina web basada en l&#8217;an\u00e0lisi de factors onsite i offsite<\/p>\n<h4>An\u00e0lisi competitiu<\/h4>\n<p>Definir competidors SEU basat en la<\/p>\n<h1 style=\"text-align: center; font-size: 40px !important;\">ESTRATEGIA<\/h1>\n<h1 style=\"text-align: center; font-size: 20px !important;\"><span style=\"color: #999999;\">Crear una estrategia SEO y un plan de proyecto que describa claramente entregas y genere objetivos de negocio medibles<\/span><\/h1>\n<h4>Estrategia On-site<\/h4>\n<p>Documento con plan de acciones concretas para introducir cambios en el c\u00f3digo de la p\u00e1gina web y contenido y as\u00ed optimizarlo para los buscadores<\/p>\n<h4>Estrategia Off-site<\/h4>\n<p>Determinar posible socios y l\u00edderes de opini\u00f3n para generar las estrategias de link-building y relaciones p\u00fablicas, que se alineen con el enfoque y el timing del proyecto.<\/p>\n<h4>Estrategia de contenidos<\/h4>\n<p>Crear programaci\u00f3n y calendario para los contenidos de la p\u00e1gina web, campa\u00f1as de divulgaci\u00f3n, comunicados de prensa y medios de comunicaci\u00f3n social.<\/p>\n<h4>Planificaci\u00f3n de la medici\u00f3n<\/h4>\n<p>Generar documento de objetivos medibles a corto plazo y largo plazo para evaluar el rendimiento de la campa\u00f1a<\/p>\n<\/div><div class=\"nav fusion-mobile-tab-nav\"><ul class=\"nav-tabs nav-justified\" role=\"tablist\"><li role=\"presentation\"><a class=\"tab-link\" data-toggle=\"tab\" role=\"tab\" aria-controls=\"tab-b8496316ddcc9f04eb6\" aria-selected=\"false\" tabindex=\"-1\" id=\"mobile-fusion-tab-fase3\" href=\"#tab-b8496316ddcc9f04eb6\"><h5 class=\"fusion-tab-heading\">FASE 3<\/h5><\/a><\/li><\/ul><\/div><div class=\"tab-pane fade fusion-clearfix\" role=\"tabpanel\" tabindex=\"0\" aria-labelledby=\"fusion-tab-fase3\" id=\"tab-b8496316ddcc9f04eb6\">\n<h1 style=\"text-align: center; font-size: 40px !important;\">OPTIMIZACI\u00d3N ON-SITE<\/h1>\n<h1 style=\"text-align: center; font-size: 20px !important;\"><span style=\"color: #999999;\">Poner en pr\u00e1ctica las recomendaciones de la Estrategia On-Site y de contenido a trav\u00e9s del desarrollo o la colaboraci\u00f3n con el cliente<\/span><\/h1>\n<h4>Aplicaci\u00f3n t\u00e9cnica<\/h4>\n<p>Implementar modificaciones al c\u00f3digo de la web basado en Estrategias on-site. Cambios en elementos como meta informaci\u00f3n, etiquetas, enlaces can\u00f3nicos, no follow links y enlaces internos. Revisar robots.txt, mapa del sitio, cuenta de Google Analytics y Herramientas para Webmasters de Google para el dominio. Se puede incluso establecer cambios en la estrategia de medios sociales.<\/p>\n<h4>Implementaci\u00f3n de contenido<\/h4>\n<p>Ajuste del texto de la p\u00e1gina web basado en la estrategia de contenidos para reflejar las palabras clave espec\u00edficas del documento de palabras clave.<\/div><div class=\"nav fusion-mobile-tab-nav\"><ul class=\"nav-tabs nav-justified\" role=\"tablist\"><li role=\"presentation\"><a class=\"tab-link\" data-toggle=\"tab\" role=\"tab\" aria-controls=\"tab-3a05e85799815e19cfe\" aria-selected=\"false\" tabindex=\"-1\" id=\"mobile-fusion-tab-fase4\" href=\"#tab-3a05e85799815e19cfe\"><h5 class=\"fusion-tab-heading\">FASE 4<\/h5><\/a><\/li><\/ul><\/div><div class=\"tab-pane fade fusion-clearfix\" role=\"tabpanel\" tabindex=\"0\" aria-labelledby=\"fusion-tab-fase4\" id=\"tab-3a05e85799815e19cfe\">\n<h1 style=\"text-align: center; font-size: 40px !important;\">CONTENIDO<\/h1>\n<h1 style=\"text-align: center; font-size: 20px !important;\"><span style=\"color: #999999;\">Implementar el plan de proyecto de la Estrategia Off-Site y de contenido, a trav\u00e9s de factores de influencia e intercambio de contenidos.<\/span><\/h1>\n<h4>Creaci\u00f3n de contenidos<\/h4>\n<p>Crear contenido de calidad basado en la Estrategia de Contenidos.<\/p>\n<h4>Alcance del factor de influencia<\/h4>\n<p>Ponerse en contacto con socios potenciales con el objetivo de publicar contenido en sus sitios web que incluyan enlaces a la web de nuestro cliente.<\/div><div class=\"nav fusion-mobile-tab-nav\"><ul class=\"nav-tabs nav-justified\" role=\"tablist\"><li role=\"presentation\"><a class=\"tab-link\" data-toggle=\"tab\" role=\"tab\" aria-controls=\"tab-ff4d8ad54fb40ec61ae\" aria-selected=\"false\" tabindex=\"-1\" id=\"mobile-fusion-tab-fase5\" href=\"#tab-ff4d8ad54fb40ec61ae\"><h5 class=\"fusion-tab-heading\">FASE 5<\/h5><\/a><\/li><\/ul><\/div><div class=\"tab-pane fade fusion-clearfix\" role=\"tabpanel\" tabindex=\"0\" aria-labelledby=\"fusion-tab-fase5\" id=\"tab-ff4d8ad54fb40ec61ae\">\n<h1 style=\"text-align: center; font-size: 40px !important;\">AN\u00c1LISIS E INFORME<\/h1>\n<h1 style=\"text-align: center; font-size: 20px !important;\"><span style=\"color: #999999;\">Plan de presentaci\u00f3n de informes peri\u00f3dicos que incluye el an\u00e1lisis de rendimiento de la campa\u00f1a, seguimiento de objetivos y ajuste del proyecto a partir de los resultados<\/span><\/h1>\n<h4>Informe de rendimiento mensual<\/h4>\n<p>Documentar el estado actual de los objetivos, m\u00e9tricas de campa\u00f1a, tareas completadas y plan para el mes siguiente.<\/p>\n<h4>Informe trimestral<\/h4>\n<p>Visi\u00f3n global de la campa\u00f1a y ajustes en el plan del proyecto en base a los resultados obtenidos.<\/div><\/div><\/div><\/div><\/div><\/div><\/div><\/p>\n","protected":false},"excerpt":{"rendered":"","protected":false},"author":1,"featured_media":0,"parent":0,"menu_order":0,"comment_status":"open","ping_status":"closed","template":"100-width.php","meta":{"footnotes":""},"class_list":["post-12163","page","type-page","status-publish","hentry"],"_links":{"self":[{"href":"https:\/\/www.eduweb.es\/ca-ES\/wp-json\/wp\/v2\/pages\/12163","targetHints":{"allow":["GET"]}}],"collection":[{"href":"https:\/\/www.eduweb.es\/ca-ES\/wp-json\/wp\/v2\/pages"}],"about":[{"href":"https:\/\/www.eduweb.es\/ca-ES\/wp-json\/wp\/v2\/types\/page"}],"author":[{"embeddable":true,"href":"https:\/\/www.eduweb.es\/ca-ES\/wp-json\/wp\/v2\/users\/1"}],"replies":[{"embeddable":true,"href":"https:\/\/www.eduweb.es\/ca-ES\/wp-json\/wp\/v2\/comments?post=12163"}],"version-history":[{"count":7,"href":"https:\/\/www.eduweb.es\/ca-ES\/wp-json\/wp\/v2\/pages\/12163\/revisions"}],"predecessor-version":[{"id":19879,"href":"https:\/\/www.eduweb.es\/ca-ES\/wp-json\/wp\/v2\/pages\/12163\/revisions\/19879"}],"wp:attachment":[{"href":"https:\/\/www.eduweb.es\/ca-ES\/wp-json\/wp\/v2\/media?parent=12163"}],"curies":[{"name":"wp","href":"https:\/\/api.w.org\/{rel}","templated":true}]}}